{"id":78578,"date":"2025-07-11T16:41:20","date_gmt":"2025-07-11T13:41:20","guid":{"rendered":"https:\/\/demo8.ecube.lv\/sezona.lv\/products\/victorinox-nazis-ranger-grip-79\/"},"modified":"2025-07-14T15:26:23","modified_gmt":"2025-07-14T12:26:23","slug":"victorinox-nazis-ranger-grip-79","status":"publish","type":"product","link":"https:\/\/sezona.lv\/en\/products\/victorinox-nazis-ranger-grip-79\/","title":{"rendered":"Victorinox Nazis Ranger Grip 79"},"content":{"rendered":"<div class=\"rte\">\n<p>Ori\u0123in\u0101lais &Scaron;veices armijas nazis. Izgatavots no  kvalitat\u012bva ner\u016bs\u0113jo&scaron;a t\u0113rauda. &Scaron;is modelis ir rakstur\u012bgs ar to, ka tam  ir liels un \u0113rts asmens, kuru var atv\u0113rt ar vienu roku. Ra\u017eots &Scaron;veic\u0113.<\/p>\n<h4>SPECIFIK\u0100CIJA:<\/h4>\n<p><strong>Materi\u0101ls:<\/strong>&nbsp;ner\u016bs\u0113jo&scaron;ais t\u0113rauds&nbsp;<br \/><strong>Izm\u0113rs:<\/strong>&nbsp;130mm x 25,5mm&nbsp;<br \/><strong>Kr\u0101sa:<\/strong>&nbsp;Sarkana ar melnu<\/p>\n<h4>FUNKCIJAS:<\/h4>\n<p>1. Kor\u0137vi\u013c\u0137is&nbsp;<br \/>2. Zobu bakst\u0101mais&nbsp;<br \/>3. Pincet\u012bte&nbsp;<br \/>4. Fiks\u0113jams lielais asmens, kas atverams ar vienu roku<br \/>5. Plakanais skr\u016bvgriezis&nbsp;<br \/>6. Pude\u013cu attais\u0101mais<br \/>7. Vadu izol\u0101cijas atb\u012bd\u012bt\u0101js<br \/>8. \u012alens<br \/>9. Konservu attais\u0101mais<br \/>10. Mazais plakanais skr\u012bvgriezis<br \/>11. Z\u0101\u0123is kokam<\/p>\n<\/div>\n","protected":false},"excerpt":{"rendered":"<p>Ori\u0123in\u0101lais &Scaron;veices armijas nazis. Izgatavots no kvalitat\u012bva ner\u016bs\u0113jo&scaron;a t\u0113rauda. &Scaron;is modelis ir rakstur\u012bgs ar to, ka tam ir liels un \u0113rts asmens, kuru var atv\u0113rt ar vienu roku. Ra\u017eots &Scaron;veic\u0113. SPECIFIK\u0100CIJA: Materi\u0101ls:&nbsp;ner\u016bs\u0113jo&scaron;ais t\u0113rauds&nbsp;Izm\u0113rs:&nbsp;130mm x 25,5mm&nbsp;Kr\u0101sa:&nbsp;Sarkana ar melnu FUNKCIJAS: 1. Kor\u0137vi\u013c\u0137is&nbsp;2. Zobu bakst\u0101mais&nbsp;3. Pincet\u012bte&nbsp;4. Fiks\u0113jams lielais asmens, kas atverams ar vienu roku5. Plakanais skr\u016bvgriezis&nbsp;6. Pude\u013cu attais\u0101mais7. [&hellip;]<\/p>\n","protected":false},"featured_media":70443,"template":"","meta":[],"product_brand":[54],"product_cat":[4558,4571,4734],"product_tag":[],"class_list":{"0":"post-78578","1":"product","2":"type-product","3":"status-publish","4":"has-post-thumbnail","6":"product_brand-victorinox","7":"product_cat-for-tourism-recreation","8":"product_cat-dishes-knives-folding-tables-for-tourism-recreation","9":"product_cat-swiss-knives-dishes-knives-folding-tables-for-tourism-recreation","11":"first","12":"instock","13":"shipping-taxable","14":"purchasable","15":"product-type-simple"},"_links":{"self":[{"href":"https:\/\/sezona.lv\/en\/wp-json\/wp\/v2\/product\/78578","targetHints":{"allow":["GET"]}}],"collection":[{"href":"https:\/\/sezona.lv\/en\/wp-json\/wp\/v2\/product"}],"about":[{"href":"https:\/\/sezona.lv\/en\/wp-json\/wp\/v2\/types\/product"}],"wp:featuredmedia":[{"embeddable":true,"href":"https:\/\/sezona.lv\/en\/wp-json\/wp\/v2\/media\/70443"}],"wp:attachment":[{"href":"https:\/\/sezona.lv\/en\/wp-json\/wp\/v2\/media?parent=78578"}],"wp:term":[{"taxonomy":"product_brand","embeddable":true,"href":"https:\/\/sezona.lv\/en\/wp-json\/wp\/v2\/product_brand?post=78578"},{"taxonomy":"product_cat","embeddable":true,"href":"https:\/\/sezona.lv\/en\/wp-json\/wp\/v2\/product_cat?post=78578"},{"taxonomy":"product_tag","embeddable":true,"href":"https:\/\/sezona.lv\/en\/wp-json\/wp\/v2\/product_tag?post=78578"}],"curies":[{"name":"wp","href":"https:\/\/api.w.org\/{rel}","templated":true}]}}