{"id":78579,"date":"2025-07-14T15:26:24","date_gmt":"2025-07-14T12:26:24","guid":{"rendered":"https:\/\/demo8.ecube.lv\/sezona.lv\/products\/victorinox-nazis-my-first-victorinox-blue\/"},"modified":"2025-07-14T15:26:24","modified_gmt":"2025-07-14T12:26:24","slug":"victorinox-nazis-my-first-victorinox-blue","status":"publish","type":"product","link":"https:\/\/sezona.lv\/en\/products\/victorinox-nazis-my-first-victorinox-blue\/","title":{"rendered":"Victorinox Nazis My First Victorinox Blue"},"content":{"rendered":"<div class=\"rte\">\n<div class=\"rte\">\n<div class=\"rte\">\n<p>Ori\u0123in\u0101lais &Scaron;veices nazis, kas paredz\u0113ts jaun\u0101kajiem  piedz\u012bvojumu mekl\u0113t\u0101jiem- na\u017ea asmenis ir ar speci\u0101li noapa\u013cotu galu,  lai samazin\u0101tu iesp\u0113ju sadurties, ta\u010du gan pats nazis, gan z\u0101\u0123is ir  tie&scaron;i tik pat ass, cik p\u0101r\u0113jie Victorinox instrumenti. Komplekt\u0101  ietilpst \u0137\u0113d\u012bte ar karab\u012bni un cilpa na\u017ea pakarin\u0101&scaron;anai.<\/p>\n<h4>SPECIFIK\u0100CIJA:<\/h4>\n<p><strong>Materi\u0101ls:<\/strong>&nbsp;ner\u016bs\u0113jo&scaron;ais t\u0113rauds&nbsp;<br \/><strong>Izm\u0113rs:<\/strong>&nbsp;84mm x&nbsp;14mm&nbsp;<br \/><strong>Kr\u0101sa:<\/strong>&nbsp;Sarkana\/zila<\/p>\n<h4>FUNKCIJAS:<\/h4>\n<p>1. Plakanais skr\u016bvgriezis&nbsp;<br \/>2. Zobu bakst\u0101mais&nbsp;<br \/>3. Pincet\u012bte&nbsp;<br \/>7. Lielais asmens ar noapa\u013cotu galu<br \/>8. Pude\u013cu attais\u0101mais&nbsp;<br \/>9. Z\u0101\u0123is kokam<\/p>\n<\/div>\n<\/div>\n<\/div>\n","protected":false},"excerpt":{"rendered":"<p>Ori\u0123in\u0101lais &Scaron;veices nazis, kas paredz\u0113ts jaun\u0101kajiem piedz\u012bvojumu mekl\u0113t\u0101jiem- na\u017ea asmenis ir ar speci\u0101li noapa\u013cotu galu, lai samazin\u0101tu iesp\u0113ju sadurties, ta\u010du gan pats nazis, gan z\u0101\u0123is ir tie&scaron;i tik pat ass, cik p\u0101r\u0113jie Victorinox instrumenti. Komplekt\u0101 ietilpst \u0137\u0113d\u012bte ar karab\u012bni un cilpa na\u017ea pakarin\u0101&scaron;anai. SPECIFIK\u0100CIJA: Materi\u0101ls:&nbsp;ner\u016bs\u0113jo&scaron;ais t\u0113rauds&nbsp;Izm\u0113rs:&nbsp;84mm x&nbsp;14mm&nbsp;Kr\u0101sa:&nbsp;Sarkana\/zila FUNKCIJAS: 1. Plakanais skr\u016bvgriezis&nbsp;2. Zobu bakst\u0101mais&nbsp;3. Pincet\u012bte&nbsp;7. Lielais [&hellip;]<\/p>\n","protected":false},"featured_media":0,"template":"","meta":[],"product_brand":[54],"product_cat":[4558,4571,4640,4734],"product_tag":[],"class_list":{"0":"post-78579","1":"product","2":"type-product","3":"status-publish","5":"product_brand-victorinox","6":"product_cat-for-tourism-recreation","7":"product_cat-dishes-knives-folding-tables-for-tourism-recreation","8":"product_cat-recreation","9":"product_cat-swiss-knives-dishes-knives-folding-tables-for-tourism-recreation","11":"first","12":"instock","13":"shipping-taxable","14":"purchasable","15":"product-type-simple"},"_links":{"self":[{"href":"https:\/\/sezona.lv\/en\/wp-json\/wp\/v2\/product\/78579","targetHints":{"allow":["GET"]}}],"collection":[{"href":"https:\/\/sezona.lv\/en\/wp-json\/wp\/v2\/product"}],"about":[{"href":"https:\/\/sezona.lv\/en\/wp-json\/wp\/v2\/types\/product"}],"wp:attachment":[{"href":"https:\/\/sezona.lv\/en\/wp-json\/wp\/v2\/media?parent=78579"}],"wp:term":[{"taxonomy":"product_brand","embeddable":true,"href":"https:\/\/sezona.lv\/en\/wp-json\/wp\/v2\/product_brand?post=78579"},{"taxonomy":"product_cat","embeddable":true,"href":"https:\/\/sezona.lv\/en\/wp-json\/wp\/v2\/product_cat?post=78579"},{"taxonomy":"product_tag","embeddable":true,"href":"https:\/\/sezona.lv\/en\/wp-json\/wp\/v2\/product_tag?post=78579"}],"curies":[{"name":"wp","href":"https:\/\/api.w.org\/{rel}","templated":true}]}}