{"id":78581,"date":"2025-07-14T15:26:26","date_gmt":"2025-07-14T12:26:26","guid":{"rendered":"https:\/\/demo8.ecube.lv\/sezona.lv\/products\/victorinox-nazis-explorer\/"},"modified":"2025-07-14T15:26:26","modified_gmt":"2025-07-14T12:26:26","slug":"victorinox-nazis-explorer","status":"publish","type":"product","link":"https:\/\/sezona.lv\/en\/products\/victorinox-nazis-explorer\/","title":{"rendered":"Victorinox Nazis Explorer"},"content":{"rendered":"<div class=\"rte\">\n<div class=\"rte\">\n<div class=\"rte\">\n<div class=\"rte\">\n<p>Ori\u0123in\u0101lais &Scaron;veices armijas nazis. Izgatavots no  kvalitat\u012bva ner\u016bs\u0113jo&scaron;a t\u0113rauda. &Scaron;is modelis ir paredz\u0113ts tiem kas v\u0113las  sasniegt aizvien augst\u0101kas virsotnes. Viss kas nepiecie&scaron;ams kvalitat\u012bvai  atp\u016btai pie dabas un kalnos. Ra\u017eots &Scaron;veic\u0113.<\/p>\n<h4>SPECIFIK\u0100CIJA:<\/h4>\n<p><strong>Materi\u0101ls:<\/strong>&nbsp;ner\u016bs\u0113jo&scaron;ais t\u0113rauds&nbsp;<br \/><strong>Izm\u0113rs:<\/strong>&nbsp;91mm x 27mm x 21mm&nbsp;<br \/><strong>Kr\u0101sa:<\/strong>&nbsp;Sarkana<\/p>\n<h4>FUNKCIJAS:<\/h4>\n<p>1. Konservu attais\u0101mais&nbsp;<br \/>2. Mazais plakanais skr\u016bvgriezis&nbsp;<br \/>3. Kor\u0137vi\u013c\u0137is&nbsp;<br \/>4. \u012alens&nbsp;<br \/>5. Zobu bakst\u0101mais&nbsp;<br \/>6. Pincet\u012bte&nbsp;<br \/>7. Lielais asmens&nbsp;<br \/>8. Pude\u013cu attais\u0101mais&nbsp;<br \/>9. Lielais skr\u016bvgrieznis&nbsp;<br \/>11. &Scaron;\u0137\u0113r\u012btes&nbsp;<br \/>12. Multifunkcion\u0101ls \u0101\u0137is (var nest maisi\u0146us)<br \/>13. Palielin\u0101mais stikls<br \/>14. Krusti\u0146a skr\u016bvgriezis<\/p>\n<\/div>\n<\/div>\n<\/div>\n<\/div>\n","protected":false},"excerpt":{"rendered":"<p>Ori\u0123in\u0101lais &Scaron;veices armijas nazis. Izgatavots no kvalitat\u012bva ner\u016bs\u0113jo&scaron;a t\u0113rauda. &Scaron;is modelis ir paredz\u0113ts tiem kas v\u0113las sasniegt aizvien augst\u0101kas virsotnes. Viss kas nepiecie&scaron;ams kvalitat\u012bvai atp\u016btai pie dabas un kalnos. Ra\u017eots &Scaron;veic\u0113. SPECIFIK\u0100CIJA: Materi\u0101ls:&nbsp;ner\u016bs\u0113jo&scaron;ais t\u0113rauds&nbsp;Izm\u0113rs:&nbsp;91mm x 27mm x 21mm&nbsp;Kr\u0101sa:&nbsp;Sarkana FUNKCIJAS: 1. Konservu attais\u0101mais&nbsp;2. Mazais plakanais skr\u016bvgriezis&nbsp;3. Kor\u0137vi\u013c\u0137is&nbsp;4. \u012alens&nbsp;5. Zobu bakst\u0101mais&nbsp;6. Pincet\u012bte&nbsp;7. Lielais asmens&nbsp;8. Pude\u013cu attais\u0101mais&nbsp;9. Lielais [&hellip;]<\/p>\n","protected":false},"featured_media":0,"template":"","meta":[],"product_brand":[54],"product_cat":[4558,4571,4640,4734],"product_tag":[],"class_list":{"0":"post-78581","1":"product","2":"type-product","3":"status-publish","5":"product_brand-victorinox","6":"product_cat-for-tourism-recreation","7":"product_cat-dishes-knives-folding-tables-for-tourism-recreation","8":"product_cat-recreation","9":"product_cat-swiss-knives-dishes-knives-folding-tables-for-tourism-recreation","11":"first","12":"instock","13":"shipping-taxable","14":"purchasable","15":"product-type-simple"},"_links":{"self":[{"href":"https:\/\/sezona.lv\/en\/wp-json\/wp\/v2\/product\/78581","targetHints":{"allow":["GET"]}}],"collection":[{"href":"https:\/\/sezona.lv\/en\/wp-json\/wp\/v2\/product"}],"about":[{"href":"https:\/\/sezona.lv\/en\/wp-json\/wp\/v2\/types\/product"}],"wp:attachment":[{"href":"https:\/\/sezona.lv\/en\/wp-json\/wp\/v2\/media?parent=78581"}],"wp:term":[{"taxonomy":"product_brand","embeddable":true,"href":"https:\/\/sezona.lv\/en\/wp-json\/wp\/v2\/product_brand?post=78581"},{"taxonomy":"product_cat","embeddable":true,"href":"https:\/\/sezona.lv\/en\/wp-json\/wp\/v2\/product_cat?post=78581"},{"taxonomy":"product_tag","embeddable":true,"href":"https:\/\/sezona.lv\/en\/wp-json\/wp\/v2\/product_tag?post=78581"}],"curies":[{"name":"wp","href":"https:\/\/api.w.org\/{rel}","templated":true}]}}