{"id":78582,"date":"2025-07-14T15:26:27","date_gmt":"2025-07-14T12:26:27","guid":{"rendered":"https:\/\/demo8.ecube.lv\/sezona.lv\/products\/leatherman-multitool-wingman\/"},"modified":"2025-07-14T15:26:27","modified_gmt":"2025-07-14T12:26:27","slug":"leatherman-multitool-wingman","status":"publish","type":"product","link":"https:\/\/sezona.lv\/en\/products\/leatherman-multitool-wingman\/","title":{"rendered":"Leatherman Multitool WINGMAN"},"content":{"rendered":"<div class=\"rte\">\n<div class=\"rte\">\n<div class=\"rte\">\n<div class=\"rte\">\n<div class=\"rte\">\n<div class=\"rte\">\n<p>Wingman multiinstruments tika rad\u012bts tie&scaron;i ikdienas  vajadz\u012bb\u0101m- neliels, pa&scaron;i nepiecie&scaron;am\u0101kie instrumenti, viegls un \u013coti  pie\u0146emama cena! Vietu atrad\u012bs gan j\u016bsu mugursom\u0101, veloinstrumentu  maci\u0146\u0101, vai ofisa galda atvilktn\u0113.<\/p>\n<h4>Specifik\u0101cija:<\/h4>\n<p><strong>Izm\u0113rs aizv\u0113rt\u0101 veid\u0101:<\/strong> 9,7 cm<br \/><strong>Svars:<\/strong> 198 g<br \/><strong>Asmens garums:<\/strong> 6,6 cm<\/p>\n<\/div>\n<\/div>\n<\/div>\n<\/div>\n<\/div>\n<\/div>\n","protected":false},"excerpt":{"rendered":"<p>Wingman multiinstruments tika rad\u012bts tie&scaron;i ikdienas vajadz\u012bb\u0101m- neliels, pa&scaron;i nepiecie&scaron;am\u0101kie instrumenti, viegls un \u013coti pie\u0146emama cena! Vietu atrad\u012bs gan j\u016bsu mugursom\u0101, veloinstrumentu maci\u0146\u0101, vai ofisa galda atvilktn\u0113. Specifik\u0101cija: Izm\u0113rs aizv\u0113rt\u0101 veid\u0101: 9,7 cmSvars: 198 gAsmens garums: 6,6 cm<\/p>\n","protected":false},"featured_media":0,"template":"","meta":[],"product_brand":[3407],"product_cat":[4558,4571,4640,4734],"product_tag":[],"class_list":{"0":"post-78582","1":"product","2":"type-product","3":"status-publish","5":"product_brand-leatherman","6":"product_cat-for-tourism-recreation","7":"product_cat-dishes-knives-folding-tables-for-tourism-recreation","8":"product_cat-recreation","9":"product_cat-swiss-knives-dishes-knives-folding-tables-for-tourism-recreation","11":"first","12":"instock","13":"shipping-taxable","14":"purchasable","15":"product-type-simple"},"_links":{"self":[{"href":"https:\/\/sezona.lv\/en\/wp-json\/wp\/v2\/product\/78582","targetHints":{"allow":["GET"]}}],"collection":[{"href":"https:\/\/sezona.lv\/en\/wp-json\/wp\/v2\/product"}],"about":[{"href":"https:\/\/sezona.lv\/en\/wp-json\/wp\/v2\/types\/product"}],"wp:attachment":[{"href":"https:\/\/sezona.lv\/en\/wp-json\/wp\/v2\/media?parent=78582"}],"wp:term":[{"taxonomy":"product_brand","embeddable":true,"href":"https:\/\/sezona.lv\/en\/wp-json\/wp\/v2\/product_brand?post=78582"},{"taxonomy":"product_cat","embeddable":true,"href":"https:\/\/sezona.lv\/en\/wp-json\/wp\/v2\/product_cat?post=78582"},{"taxonomy":"product_tag","embeddable":true,"href":"https:\/\/sezona.lv\/en\/wp-json\/wp\/v2\/product_tag?post=78582"}],"curies":[{"name":"wp","href":"https:\/\/api.w.org\/{rel}","templated":true}]}}