{"id":78583,"date":"2025-07-14T15:26:27","date_gmt":"2025-07-14T12:26:27","guid":{"rendered":"https:\/\/demo8.ecube.lv\/sezona.lv\/products\/leatherman-multitool-surge\/"},"modified":"2025-07-14T15:26:27","modified_gmt":"2025-07-14T12:26:27","slug":"leatherman-multitool-surge","status":"publish","type":"product","link":"https:\/\/sezona.lv\/en\/products\/leatherman-multitool-surge\/","title":{"rendered":"Leatherman Multitool SURGE"},"content":{"rendered":"<div class=\"rte\">\n<div class=\"rte\">\n<div class=\"rte\">\n<div class=\"rte\">\n<div class=\"rte\">\n<div class=\"rte\">\n<div class=\"rte\">\n<div class=\"rte\">\n<div class=\"rte\">\n<div class=\"rte\">\n<div class=\"rte\">\n<div class=\"rte\">\n<div class=\"rte\">\n<div class=\"rte\">\n<div class=\"rte\">\n<div class=\"rte\">\n<div class=\"rte\">\n<div class=\"rte\">Surge ir viens no diviem liel\u0101kajiem un tehnisk\u0101kajiem Leatherman instrumentiem!<\/div>\n<div class=\"rte\">\n<div class=\"rte\">\n<p>Surge multiinstruments ir otrs liel\u0101kais sav\u0101 klas\u0113  iztur\u012bgo knaib\u013cu d\u0113\u013c, ar main\u0101miem asme\u0146iem, un \u0113rti atveramajiem  instrumentiem izmantojot darba cimdus. Uz \u0101ru atveramie instrumenti b\u016bs  daudz \u0101tr\u0101k un viegl\u0101k pieejami.<\/p>\n<h4>Specifik\u0101cija:<\/h4>\n<p><strong>Izm\u0113rs aizv\u0113rt\u0101 veid\u0101:<\/strong> 11,5 cm<br \/><strong>Svars:<\/strong> 335 g<br \/><strong>Asmens garums:<\/strong> 7,87 cm<br \/><strong>Instrumentu skaits:<\/strong> 21<\/p>\n<\/div>\n<\/div>\n<\/div>\n<\/div>\n<\/div>\n<\/div>\n<\/div>\n<\/div>\n<\/div>\n<\/div>\n<\/div>\n<\/div>\n<\/div>\n<\/div>\n<\/div>\n<\/div>\n<\/div>\n<\/div>\n<\/div>\n","protected":false},"excerpt":{"rendered":"<p>Surge ir viens no diviem liel\u0101kajiem un tehnisk\u0101kajiem Leatherman instrumentiem! Surge multiinstruments ir otrs liel\u0101kais sav\u0101 klas\u0113 iztur\u012bgo knaib\u013cu d\u0113\u013c, ar main\u0101miem asme\u0146iem, un \u0113rti atveramajiem instrumentiem izmantojot darba cimdus. Uz \u0101ru atveramie instrumenti b\u016bs daudz \u0101tr\u0101k un viegl\u0101k pieejami. Specifik\u0101cija: Izm\u0113rs aizv\u0113rt\u0101 veid\u0101: 11,5 cmSvars: 335 gAsmens garums: 7,87 cmInstrumentu skaits: 21<\/p>\n","protected":false},"featured_media":0,"template":"","meta":[],"product_brand":[3407],"product_cat":[4558,4571,4640,4734],"product_tag":[],"class_list":{"0":"post-78583","1":"product","2":"type-product","3":"status-publish","5":"product_brand-leatherman","6":"product_cat-for-tourism-recreation","7":"product_cat-dishes-knives-folding-tables-for-tourism-recreation","8":"product_cat-recreation","9":"product_cat-swiss-knives-dishes-knives-folding-tables-for-tourism-recreation","11":"first","12":"instock","13":"shipping-taxable","14":"purchasable","15":"product-type-simple"},"_links":{"self":[{"href":"https:\/\/sezona.lv\/en\/wp-json\/wp\/v2\/product\/78583","targetHints":{"allow":["GET"]}}],"collection":[{"href":"https:\/\/sezona.lv\/en\/wp-json\/wp\/v2\/product"}],"about":[{"href":"https:\/\/sezona.lv\/en\/wp-json\/wp\/v2\/types\/product"}],"wp:attachment":[{"href":"https:\/\/sezona.lv\/en\/wp-json\/wp\/v2\/media?parent=78583"}],"wp:term":[{"taxonomy":"product_brand","embeddable":true,"href":"https:\/\/sezona.lv\/en\/wp-json\/wp\/v2\/product_brand?post=78583"},{"taxonomy":"product_cat","embeddable":true,"href":"https:\/\/sezona.lv\/en\/wp-json\/wp\/v2\/product_cat?post=78583"},{"taxonomy":"product_tag","embeddable":true,"href":"https:\/\/sezona.lv\/en\/wp-json\/wp\/v2\/product_tag?post=78583"}],"curies":[{"name":"wp","href":"https:\/\/api.w.org\/{rel}","templated":true}]}}