{"id":78584,"date":"2025-07-14T15:26:28","date_gmt":"2025-07-14T12:26:28","guid":{"rendered":"https:\/\/demo8.ecube.lv\/sezona.lv\/products\/leatherman-multitool-super-tool-300\/"},"modified":"2025-07-14T15:26:28","modified_gmt":"2025-07-14T12:26:28","slug":"leatherman-multitool-super-tool-300","status":"publish","type":"product","link":"https:\/\/sezona.lv\/en\/products\/leatherman-multitool-super-tool-300\/","title":{"rendered":"Leatherman Multitool SUPER TOOL 300"},"content":{"rendered":"<div class=\"rte\">\n<div class=\"rte\">\n<div class=\"rte\">\n<div class=\"rte\">\n<div class=\"rte\">\n<div class=\"rte\">\n<div class=\"rte\">\n<div class=\"rte\">\n<div class=\"rte\">\n<div class=\"rte\">\n<div class=\"rte\">\n<div class=\"rte\">\n<div class=\"rte\">\n<div class=\"rte\">\n<div class=\"rte\">\n<div class=\"rte\">\n<div class=\"rte\">\n<div class=\"rte\">\n<div class=\"rte\">\n<div class=\"rte\">\n<div class=\"rte\">Vair\u0101kus apbalvojumus ieguvu&scaron;ais Leatherman Super Tool 300 ir \u012bstu v\u012bru darba instruments.<\/div>\n<div class=\"rte\">\n<div class=\"rte\">\n<div class=\"rte\">\n<p>&Scaron;im nazim ir liel\u0101k\u0101s un stipr\u0101k\u0101s knaibles no  Leatherman kl\u0101sta k\u0101das jebkad ir rad\u012btas, ar kur\u0101m b\u016bs viegli piek\u013c\u016bt  &scaron;aur\u0101s viet\u0101s, pateicoties smailajiem galiem. Pat ar cimdiem rok\u0101s b\u016bs  \u0113rti atv\u0113rt citus instrumentus, bet bez cimdiem instruments \u0113rti iegul\u0113s  sauj\u0101, jo t\u0101 kantes ir noapa\u013cotas. Ja nu tom\u0113r k\u0101ds materi\u0101ls ir bijis  par cietu knaibles zobiem, neb\u0113d\u0101jiet- tie ir main\u0101mi.<\/p>\n<h4>Specifik\u0101cija:&nbsp;<\/h4>\n<p><strong>Izm\u0113rs aizv\u0113rt\u0101 veid\u0101:<\/strong> 11,5 cm<br \/><strong>Svars:<\/strong> 272 g<br \/><strong>Asmens garums:<\/strong> 8,13 cm<br \/><strong>Instrumentu skaits:<\/strong> 19<\/p>\n<\/div>\n<\/div>\n<\/div>\n<\/div>\n<\/div>\n<\/div>\n<\/div>\n<\/div>\n<\/div>\n<\/div>\n<\/div>\n<\/div>\n<\/div>\n<\/div>\n<\/div>\n<\/div>\n<\/div>\n<\/div>\n<\/div>\n<\/div>\n<\/div>\n<\/div>\n<\/div>\n","protected":false},"excerpt":{"rendered":"<p>Vair\u0101kus apbalvojumus ieguvu&scaron;ais Leatherman Super Tool 300 ir \u012bstu v\u012bru darba instruments. &Scaron;im nazim ir liel\u0101k\u0101s un stipr\u0101k\u0101s knaibles no Leatherman kl\u0101sta k\u0101das jebkad ir rad\u012btas, ar kur\u0101m b\u016bs viegli piek\u013c\u016bt &scaron;aur\u0101s viet\u0101s, pateicoties smailajiem galiem. Pat ar cimdiem rok\u0101s b\u016bs \u0113rti atv\u0113rt citus instrumentus, bet bez cimdiem instruments \u0113rti iegul\u0113s sauj\u0101, jo t\u0101 kantes [&hellip;]<\/p>\n","protected":false},"featured_media":0,"template":"","meta":[],"product_brand":[3407],"product_cat":[4558,4571,4640,4734],"product_tag":[],"class_list":{"0":"post-78584","1":"product","2":"type-product","3":"status-publish","5":"product_brand-leatherman","6":"product_cat-for-tourism-recreation","7":"product_cat-dishes-knives-folding-tables-for-tourism-recreation","8":"product_cat-recreation","9":"product_cat-swiss-knives-dishes-knives-folding-tables-for-tourism-recreation","11":"first","12":"instock","13":"shipping-taxable","14":"purchasable","15":"product-type-simple"},"_links":{"self":[{"href":"https:\/\/sezona.lv\/en\/wp-json\/wp\/v2\/product\/78584","targetHints":{"allow":["GET"]}}],"collection":[{"href":"https:\/\/sezona.lv\/en\/wp-json\/wp\/v2\/product"}],"about":[{"href":"https:\/\/sezona.lv\/en\/wp-json\/wp\/v2\/types\/product"}],"wp:attachment":[{"href":"https:\/\/sezona.lv\/en\/wp-json\/wp\/v2\/media?parent=78584"}],"wp:term":[{"taxonomy":"product_brand","embeddable":true,"href":"https:\/\/sezona.lv\/en\/wp-json\/wp\/v2\/product_brand?post=78584"},{"taxonomy":"product_cat","embeddable":true,"href":"https:\/\/sezona.lv\/en\/wp-json\/wp\/v2\/product_cat?post=78584"},{"taxonomy":"product_tag","embeddable":true,"href":"https:\/\/sezona.lv\/en\/wp-json\/wp\/v2\/product_tag?post=78584"}],"curies":[{"name":"wp","href":"https:\/\/api.w.org\/{rel}","templated":true}]}}