{"id":78585,"date":"2025-07-14T15:26:29","date_gmt":"2025-07-14T12:26:29","guid":{"rendered":"https:\/\/demo8.ecube.lv\/sezona.lv\/products\/leatherman-multitool-style-ps\/"},"modified":"2025-07-14T15:26:29","modified_gmt":"2025-07-14T12:26:29","slug":"leatherman-multitool-style-ps","status":"publish","type":"product","link":"https:\/\/sezona.lv\/en\/products\/leatherman-multitool-style-ps\/","title":{"rendered":"Leatherman Multitool STYLE PS"},"content":{"rendered":"<div class=\"rte\">\n<div class=\"rte\">\n<div class=\"rte\">\n<div class=\"rte\">\n<div class=\"rte\">\n<div class=\"rte\">\n<div class=\"rte\">\n<div class=\"rte\">\n<div class=\"rte\">\n<div class=\"rte\">\n<div class=\"rte\">\n<div class=\"rte\">\n<div class=\"rte\">\n<div class=\"rte\">\n<div class=\"rte\">\n<div class=\"rte\">\n<div class=\"rte\">\n<div class=\"rte\">\n<div class=\"rte\">\n<div class=\"rte\">\n<div class=\"rte\">\n<p>Multit\u016bls, kuru ir iesp\u0113jams pa\u0146emt l\u012bdzi jebkur\u0101  ce\u013cojum\u0101, pat lidma&scaron;\u012bn\u0101. Tam nav nazis, bet ir &scaron;\u0137\u0113res, knaibles, pude\u013cu  attais\u0101mais, v\u012ble, karab\u012bne ar kuru piekarin\u0101t to.<\/p>\n<h4>Specifik\u0101cija:<\/h4>\n<p><strong>Izm\u0113rs aiztaisit\u0101 veid\u0101<\/strong>: 7.5 cm<br \/><strong>Svars<\/strong>: 44,7 grami<\/p>\n<\/div>\n<\/div>\n<\/div>\n<\/div>\n<\/div>\n<\/div>\n<\/div>\n<\/div>\n<\/div>\n<\/div>\n<\/div>\n<\/div>\n<\/div>\n<\/div>\n<\/div>\n<\/div>\n<\/div>\n<\/div>\n<\/div>\n<\/div>\n<\/div>\n","protected":false},"excerpt":{"rendered":"<p>Multit\u016bls, kuru ir iesp\u0113jams pa\u0146emt l\u012bdzi jebkur\u0101 ce\u013cojum\u0101, pat lidma&scaron;\u012bn\u0101. Tam nav nazis, bet ir &scaron;\u0137\u0113res, knaibles, pude\u013cu attais\u0101mais, v\u012ble, karab\u012bne ar kuru piekarin\u0101t to. Specifik\u0101cija: Izm\u0113rs aiztaisit\u0101 veid\u0101: 7.5 cmSvars: 44,7 grami<\/p>\n","protected":false},"featured_media":0,"template":"","meta":[],"product_brand":[3407],"product_cat":[4558,4571,4640,4734],"product_tag":[],"class_list":{"0":"post-78585","1":"product","2":"type-product","3":"status-publish","5":"product_brand-leatherman","6":"product_cat-for-tourism-recreation","7":"product_cat-dishes-knives-folding-tables-for-tourism-recreation","8":"product_cat-recreation","9":"product_cat-swiss-knives-dishes-knives-folding-tables-for-tourism-recreation","11":"first","12":"instock","13":"shipping-taxable","14":"purchasable","15":"product-type-simple"},"_links":{"self":[{"href":"https:\/\/sezona.lv\/en\/wp-json\/wp\/v2\/product\/78585","targetHints":{"allow":["GET"]}}],"collection":[{"href":"https:\/\/sezona.lv\/en\/wp-json\/wp\/v2\/product"}],"about":[{"href":"https:\/\/sezona.lv\/en\/wp-json\/wp\/v2\/types\/product"}],"wp:attachment":[{"href":"https:\/\/sezona.lv\/en\/wp-json\/wp\/v2\/media?parent=78585"}],"wp:term":[{"taxonomy":"product_brand","embeddable":true,"href":"https:\/\/sezona.lv\/en\/wp-json\/wp\/v2\/product_brand?post=78585"},{"taxonomy":"product_cat","embeddable":true,"href":"https:\/\/sezona.lv\/en\/wp-json\/wp\/v2\/product_cat?post=78585"},{"taxonomy":"product_tag","embeddable":true,"href":"https:\/\/sezona.lv\/en\/wp-json\/wp\/v2\/product_tag?post=78585"}],"curies":[{"name":"wp","href":"https:\/\/api.w.org\/{rel}","templated":true}]}}