{"id":78586,"date":"2025-07-11T16:41:38","date_gmt":"2025-07-11T13:41:38","guid":{"rendered":"https:\/\/demo8.ecube.lv\/sezona.lv\/products\/leatherman-multitool-skeletool\/"},"modified":"2025-07-14T15:26:30","modified_gmt":"2025-07-14T12:26:30","slug":"leatherman-multitool-skeletool","status":"publish","type":"product","link":"https:\/\/sezona.lv\/en\/products\/leatherman-multitool-skeletool\/","title":{"rendered":"Leatherman Multitool SKELETOOL"},"content":{"rendered":"<div class=\"rte\">\n<div class=\"rte\">\n<p>Mazs, bet \u013coti paroc\u012bgs multit\u016bls. Neskatoties uz mazo izm\u0113ru tam ir daudz priek&scaron;roc\u012bbu, taj\u0101 skait\u0101 ner\u016bs\u0113jo&scaron;\u0101 t\u0113rauda asmenis.<\/p>\n<h4>Specifik\u0101cija:<\/h4>\n<p><strong>Svars<\/strong>: 142 grami <br \/><strong>Izm\u0113rs saloc\u012bt\u0101 veid\u0101<\/strong>: 10cm<br \/><strong>Asme\u0146a garums<\/strong>: 6.6 cm<\/p>\n<\/div>\n<\/div>\n","protected":false},"excerpt":{"rendered":"<p>Mazs, bet \u013coti paroc\u012bgs multit\u016bls. Neskatoties uz mazo izm\u0113ru tam ir daudz priek&scaron;roc\u012bbu, taj\u0101 skait\u0101 ner\u016bs\u0113jo&scaron;\u0101 t\u0113rauda asmenis. Specifik\u0101cija: Svars: 142 grami Izm\u0113rs saloc\u012bt\u0101 veid\u0101: 10cmAsme\u0146a garums: 6.6 cm<\/p>\n","protected":false},"featured_media":70467,"template":"","meta":[],"product_brand":[3407],"product_cat":[4558,4571,4734],"product_tag":[],"class_list":{"0":"post-78586","1":"product","2":"type-product","3":"status-publish","4":"has-post-thumbnail","6":"product_brand-leatherman","7":"product_cat-for-tourism-recreation","8":"product_cat-dishes-knives-folding-tables-for-tourism-recreation","9":"product_cat-swiss-knives-dishes-knives-folding-tables-for-tourism-recreation","11":"first","12":"instock","13":"shipping-taxable","14":"purchasable","15":"product-type-simple"},"_links":{"self":[{"href":"https:\/\/sezona.lv\/en\/wp-json\/wp\/v2\/product\/78586","targetHints":{"allow":["GET"]}}],"collection":[{"href":"https:\/\/sezona.lv\/en\/wp-json\/wp\/v2\/product"}],"about":[{"href":"https:\/\/sezona.lv\/en\/wp-json\/wp\/v2\/types\/product"}],"wp:featuredmedia":[{"embeddable":true,"href":"https:\/\/sezona.lv\/en\/wp-json\/wp\/v2\/media\/70467"}],"wp:attachment":[{"href":"https:\/\/sezona.lv\/en\/wp-json\/wp\/v2\/media?parent=78586"}],"wp:term":[{"taxonomy":"product_brand","embeddable":true,"href":"https:\/\/sezona.lv\/en\/wp-json\/wp\/v2\/product_brand?post=78586"},{"taxonomy":"product_cat","embeddable":true,"href":"https:\/\/sezona.lv\/en\/wp-json\/wp\/v2\/product_cat?post=78586"},{"taxonomy":"product_tag","embeddable":true,"href":"https:\/\/sezona.lv\/en\/wp-json\/wp\/v2\/product_tag?post=78586"}],"curies":[{"name":"wp","href":"https:\/\/api.w.org\/{rel}","templated":true}]}}