{"id":78587,"date":"2025-07-11T16:41:39","date_gmt":"2025-07-11T13:41:39","guid":{"rendered":"https:\/\/demo8.ecube.lv\/sezona.lv\/products\/leatherman-multitool-rev\/"},"modified":"2025-07-14T15:26:31","modified_gmt":"2025-07-14T12:26:31","slug":"leatherman-multitool-rev","status":"publish","type":"product","link":"https:\/\/sezona.lv\/en\/products\/leatherman-multitool-rev\/","title":{"rendered":"Leatherman Multitool REV"},"content":{"rendered":"<div class=\"rte\">\n<div class=\"rte\">\n<div class=\"rte\">\n<p>&Scaron;is jaunais multit\u016bls ietver sev\u012b visu nepiecie&scaron;amo  gan kempingam, gan ar\u012b p\u0101rg\u0101jieniem. Lielisks sabiedrotais ikdienas  vajadz\u012bb\u0101m.<\/p>\n<h4>Specifik\u0101cija:<\/h4>\n<p><strong>Svars<\/strong>: 168 gr<br \/><strong>Izm\u0113rs aizv\u0113rt\u0101 veid\u0101<\/strong>: 9,7 cm<br \/><strong>Asme\u0146a garums<\/strong>: 6.6 cm<\/p>\n<\/div>\n<\/div>\n<\/div>\n","protected":false},"excerpt":{"rendered":"<p>&Scaron;is jaunais multit\u016bls ietver sev\u012b visu nepiecie&scaron;amo gan kempingam, gan ar\u012b p\u0101rg\u0101jieniem. Lielisks sabiedrotais ikdienas vajadz\u012bb\u0101m. Specifik\u0101cija: Svars: 168 grIzm\u0113rs aizv\u0113rt\u0101 veid\u0101: 9,7 cmAsme\u0146a garums: 6.6 cm<\/p>\n","protected":false},"featured_media":70474,"template":"","meta":[],"product_brand":[3407],"product_cat":[4558,4571,4734],"product_tag":[],"class_list":{"0":"post-78587","1":"product","2":"type-product","3":"status-publish","4":"has-post-thumbnail","6":"product_brand-leatherman","7":"product_cat-for-tourism-recreation","8":"product_cat-dishes-knives-folding-tables-for-tourism-recreation","9":"product_cat-swiss-knives-dishes-knives-folding-tables-for-tourism-recreation","11":"first","12":"instock","13":"shipping-taxable","14":"purchasable","15":"product-type-simple"},"_links":{"self":[{"href":"https:\/\/sezona.lv\/en\/wp-json\/wp\/v2\/product\/78587","targetHints":{"allow":["GET"]}}],"collection":[{"href":"https:\/\/sezona.lv\/en\/wp-json\/wp\/v2\/product"}],"about":[{"href":"https:\/\/sezona.lv\/en\/wp-json\/wp\/v2\/types\/product"}],"wp:featuredmedia":[{"embeddable":true,"href":"https:\/\/sezona.lv\/en\/wp-json\/wp\/v2\/media\/70474"}],"wp:attachment":[{"href":"https:\/\/sezona.lv\/en\/wp-json\/wp\/v2\/media?parent=78587"}],"wp:term":[{"taxonomy":"product_brand","embeddable":true,"href":"https:\/\/sezona.lv\/en\/wp-json\/wp\/v2\/product_brand?post=78587"},{"taxonomy":"product_cat","embeddable":true,"href":"https:\/\/sezona.lv\/en\/wp-json\/wp\/v2\/product_cat?post=78587"},{"taxonomy":"product_tag","embeddable":true,"href":"https:\/\/sezona.lv\/en\/wp-json\/wp\/v2\/product_tag?post=78587"}],"curies":[{"name":"wp","href":"https:\/\/api.w.org\/{rel}","templated":true}]}}