{"id":78588,"date":"2025-07-11T16:41:41","date_gmt":"2025-07-11T13:41:41","guid":{"rendered":"https:\/\/demo8.ecube.lv\/sezona.lv\/products\/leatherman-multitool-rebar\/"},"modified":"2025-07-14T15:26:32","modified_gmt":"2025-07-14T12:26:32","slug":"leatherman-multitool-rebar","status":"publish","type":"product","link":"https:\/\/sezona.lv\/en\/products\/leatherman-multitool-rebar\/","title":{"rendered":"Leatherman Multitool REBAR"},"content":{"rendered":"<div class=\"rte\">\n<div class=\"rte\">\n<div class=\"rte\">\n<div class=\"rte\">\n<p>Lielisks ikdienas pal\u012bgs kur&scaron; noder\u0113s jubkur\u0101 dz\u012bves situ\u0101cij\u0101.<\/p>\n<h4>Specifik\u0101cija :<\/h4>\n<p><strong>Izm\u0113rs aizv\u0113rt\u0101 veid\u0101<\/strong>: 10.16 cm<br \/><strong>Svars<\/strong>: 189.94 gr<br \/><strong>Asme\u0146a garums<\/strong>: 7.36 cm<\/p>\n<\/div>\n<\/div>\n<\/div>\n<\/div>\n","protected":false},"excerpt":{"rendered":"<p>Lielisks ikdienas pal\u012bgs kur&scaron; noder\u0113s jubkur\u0101 dz\u012bves situ\u0101cij\u0101. Specifik\u0101cija : Izm\u0113rs aizv\u0113rt\u0101 veid\u0101: 10.16 cmSvars: 189.94 grAsme\u0146a garums: 7.36 cm<\/p>\n","protected":false},"featured_media":70479,"template":"","meta":[],"product_brand":[3407],"product_cat":[4558,4571,4734],"product_tag":[],"class_list":{"0":"post-78588","1":"product","2":"type-product","3":"status-publish","4":"has-post-thumbnail","6":"product_brand-leatherman","7":"product_cat-for-tourism-recreation","8":"product_cat-dishes-knives-folding-tables-for-tourism-recreation","9":"product_cat-swiss-knives-dishes-knives-folding-tables-for-tourism-recreation","11":"first","12":"instock","13":"shipping-taxable","14":"purchasable","15":"product-type-simple"},"_links":{"self":[{"href":"https:\/\/sezona.lv\/en\/wp-json\/wp\/v2\/product\/78588","targetHints":{"allow":["GET"]}}],"collection":[{"href":"https:\/\/sezona.lv\/en\/wp-json\/wp\/v2\/product"}],"about":[{"href":"https:\/\/sezona.lv\/en\/wp-json\/wp\/v2\/types\/product"}],"wp:featuredmedia":[{"embeddable":true,"href":"https:\/\/sezona.lv\/en\/wp-json\/wp\/v2\/media\/70479"}],"wp:attachment":[{"href":"https:\/\/sezona.lv\/en\/wp-json\/wp\/v2\/media?parent=78588"}],"wp:term":[{"taxonomy":"product_brand","embeddable":true,"href":"https:\/\/sezona.lv\/en\/wp-json\/wp\/v2\/product_brand?post=78588"},{"taxonomy":"product_cat","embeddable":true,"href":"https:\/\/sezona.lv\/en\/wp-json\/wp\/v2\/product_cat?post=78588"},{"taxonomy":"product_tag","embeddable":true,"href":"https:\/\/sezona.lv\/en\/wp-json\/wp\/v2\/product_tag?post=78588"}],"curies":[{"name":"wp","href":"https:\/\/api.w.org\/{rel}","templated":true}]}}