{"id":78590,"date":"2025-07-14T15:26:34","date_gmt":"2025-07-14T12:26:34","guid":{"rendered":"https:\/\/demo8.ecube.lv\/sezona.lv\/products\/victorinox-nazis-pioneer-x\/"},"modified":"2025-07-14T15:26:34","modified_gmt":"2025-07-14T12:26:34","slug":"victorinox-nazis-pioneer-x","status":"publish","type":"product","link":"https:\/\/sezona.lv\/en\/products\/victorinox-nazis-pioneer-x\/","title":{"rendered":"Victorinox Nazis Pioneer X"},"content":{"rendered":"<div class=\"rte\">\n<div class=\"rte\">\n<div class=\"rte\">\n<div class=\"rte\">\n<div class=\"rte\">\n<div class=\"rte\">\n<p>Pioneer X ir ori\u0123in\u0101lais &Scaron;veices armijas nazis. Izgatavots no kvalitat\u012bva ner\u016bs\u0113jo&scaron;a t\u0113rauda. Ra\u017eots &Scaron;veic\u0113.<\/p>\n<h4>Specifik\u0101cija:<\/h4>\n<p><strong>Materi\u0101ls:<\/strong> ner\u016bs\u0113jo&scaron;ais t\u0113rauds <br \/><strong>Izm\u0113rs:<\/strong> 93mm Svars:&nbsp;95 grami <br \/><strong>Kr\u0101sa:<\/strong> sudraba<\/p>\n<h4>Funkcijas:<\/h4>\n<p>1. Lielais asmens <br \/>2. &Scaron;\u0137\u0113res <br \/>3. Konservu nazis ar mazo skr\u016bvgriezi <br \/>4. Pude\u013cu attais\u0101mais ar skr\u016bvgriezi un izol\u0101cijas atdal\u012bt\u0101ju <br \/>5. \u012al\u0113ns <br \/>6. Atsl\u0113gu gredzens<\/p>\n<\/div>\n<\/div>\n<\/div>\n<\/div>\n<\/div>\n<\/div>\n","protected":false},"excerpt":{"rendered":"<p>Pioneer X ir ori\u0123in\u0101lais &Scaron;veices armijas nazis. Izgatavots no kvalitat\u012bva ner\u016bs\u0113jo&scaron;a t\u0113rauda. Ra\u017eots &Scaron;veic\u0113. Specifik\u0101cija: Materi\u0101ls: ner\u016bs\u0113jo&scaron;ais t\u0113rauds Izm\u0113rs: 93mm Svars:&nbsp;95 grami Kr\u0101sa: sudraba Funkcijas: 1. Lielais asmens 2. &Scaron;\u0137\u0113res 3. Konservu nazis ar mazo skr\u016bvgriezi 4. Pude\u013cu attais\u0101mais ar skr\u016bvgriezi un izol\u0101cijas atdal\u012bt\u0101ju 5. \u012al\u0113ns 6. Atsl\u0113gu gredzens<\/p>\n","protected":false},"featured_media":0,"template":"","meta":[],"product_brand":[54],"product_cat":[4558,4571,4640,4734],"product_tag":[],"class_list":{"0":"post-78590","1":"product","2":"type-product","3":"status-publish","5":"product_brand-victorinox","6":"product_cat-for-tourism-recreation","7":"product_cat-dishes-knives-folding-tables-for-tourism-recreation","8":"product_cat-recreation","9":"product_cat-swiss-knives-dishes-knives-folding-tables-for-tourism-recreation","11":"first","12":"instock","13":"shipping-taxable","14":"purchasable","15":"product-type-simple"},"_links":{"self":[{"href":"https:\/\/sezona.lv\/en\/wp-json\/wp\/v2\/product\/78590","targetHints":{"allow":["GET"]}}],"collection":[{"href":"https:\/\/sezona.lv\/en\/wp-json\/wp\/v2\/product"}],"about":[{"href":"https:\/\/sezona.lv\/en\/wp-json\/wp\/v2\/types\/product"}],"wp:attachment":[{"href":"https:\/\/sezona.lv\/en\/wp-json\/wp\/v2\/media?parent=78590"}],"wp:term":[{"taxonomy":"product_brand","embeddable":true,"href":"https:\/\/sezona.lv\/en\/wp-json\/wp\/v2\/product_brand?post=78590"},{"taxonomy":"product_cat","embeddable":true,"href":"https:\/\/sezona.lv\/en\/wp-json\/wp\/v2\/product_cat?post=78590"},{"taxonomy":"product_tag","embeddable":true,"href":"https:\/\/sezona.lv\/en\/wp-json\/wp\/v2\/product_tag?post=78590"}],"curies":[{"name":"wp","href":"https:\/\/api.w.org\/{rel}","templated":true}]}}