{"id":78591,"date":"2025-07-11T16:41:45","date_gmt":"2025-07-11T13:41:45","guid":{"rendered":"https:\/\/demo8.ecube.lv\/sezona.lv\/products\/victorinox-naza-maks-knife-pouch-with-rotating-clip-13\/"},"modified":"2025-07-14T15:26:34","modified_gmt":"2025-07-14T12:26:34","slug":"victorinox-naza-maks-knife-pouch-with-rotating-clip-13","status":"publish","type":"product","link":"https:\/\/sezona.lv\/en\/products\/victorinox-naza-maks-knife-pouch-with-rotating-clip-13\/","title":{"rendered":"Victorinox Na\u017ea maks Knife pouch with rotating clip 13"},"content":{"rendered":"<div class=\"rte\">\n<p>Uzglab\u0101&scaron;anas maks kabatas nazim. Stiprin\u0101ms pie jostas, stiprin\u0101jums piel\u0101gojams da\u017e\u0101d\u0101s poz\u012bcij\u0101s. Izgatavots no dab\u012bg\u0101s \u0101das.<\/p>\n<h4>Specifik\u0101cija:<\/h4>\n<p><strong>Materi\u0101ls<\/strong>: Dab\u012bg\u0101 \u0101da <br \/><strong>Na\u017ea maka izm\u0113ri<\/strong>: 100x37x30mm <br \/><strong>Maksim\u0101lie na\u017ea izm\u0113ri makam<\/strong>: 75x25x20mm<\/p>\n<\/div>\n","protected":false},"excerpt":{"rendered":"<p>Uzglab\u0101&scaron;anas maks kabatas nazim. Stiprin\u0101ms pie jostas, stiprin\u0101jums piel\u0101gojams da\u017e\u0101d\u0101s poz\u012bcij\u0101s. Izgatavots no dab\u012bg\u0101s \u0101das. Specifik\u0101cija: Materi\u0101ls: Dab\u012bg\u0101 \u0101da Na\u017ea maka izm\u0113ri: 100x37x30mm Maksim\u0101lie na\u017ea izm\u0113ri makam: 75x25x20mm<\/p>\n","protected":false},"featured_media":70489,"template":"","meta":[],"product_brand":[54],"product_cat":[4558,4571,4740],"product_tag":[],"class_list":{"0":"post-78591","1":"product","2":"type-product","3":"status-publish","4":"has-post-thumbnail","6":"product_brand-victorinox","7":"product_cat-for-tourism-recreation","8":"product_cat-dishes-knives-folding-tables-for-tourism-recreation","9":"product_cat-knife-accessories-dishes-knives-folding-tables-for-tourism-recreation","11":"first","12":"instock","13":"shipping-taxable","14":"purchasable","15":"product-type-simple"},"_links":{"self":[{"href":"https:\/\/sezona.lv\/en\/wp-json\/wp\/v2\/product\/78591","targetHints":{"allow":["GET"]}}],"collection":[{"href":"https:\/\/sezona.lv\/en\/wp-json\/wp\/v2\/product"}],"about":[{"href":"https:\/\/sezona.lv\/en\/wp-json\/wp\/v2\/types\/product"}],"wp:featuredmedia":[{"embeddable":true,"href":"https:\/\/sezona.lv\/en\/wp-json\/wp\/v2\/media\/70489"}],"wp:attachment":[{"href":"https:\/\/sezona.lv\/en\/wp-json\/wp\/v2\/media?parent=78591"}],"wp:term":[{"taxonomy":"product_brand","embeddable":true,"href":"https:\/\/sezona.lv\/en\/wp-json\/wp\/v2\/product_brand?post=78591"},{"taxonomy":"product_cat","embeddable":true,"href":"https:\/\/sezona.lv\/en\/wp-json\/wp\/v2\/product_cat?post=78591"},{"taxonomy":"product_tag","embeddable":true,"href":"https:\/\/sezona.lv\/en\/wp-json\/wp\/v2\/product_tag?post=78591"}],"curies":[{"name":"wp","href":"https:\/\/api.w.org\/{rel}","templated":true}]}}