{"id":78593,"date":"2025-07-11T16:41:48","date_gmt":"2025-07-11T13:41:48","guid":{"rendered":"https:\/\/demo8.ecube.lv\/sezona.lv\/products\/victorinox-naza-maks-belt-pouch-4-0524-3\/"},"modified":"2025-07-14T15:26:36","modified_gmt":"2025-07-14T12:26:36","slug":"victorinox-naza-maks-belt-pouch-4-0524-3","status":"publish","type":"product","link":"https:\/\/sezona.lv\/en\/products\/victorinox-naza-maks-belt-pouch-4-0524-3\/","title":{"rendered":"Victorinox Na\u017ea maks Belt Pouch 4.0524.3"},"content":{"rendered":"<p>Uzglab\u0101&scaron;anas maks &Scaron;veices armijas kabatas na\u017eiem. Stiprin\u0101s pie jostas.  Izgatavots no dab\u012bg\u0101s \u0101das. Paredz\u0113ts na\u017eiem l\u012bdz 6 instrumentiem,  kuriem ir nofiks\u0113jami asme\u0146i.<\/p>\n","protected":false},"excerpt":{"rendered":"<p>Uzglab\u0101&scaron;anas maks &Scaron;veices armijas kabatas na\u017eiem. Stiprin\u0101s pie jostas. Izgatavots no dab\u012bg\u0101s \u0101das. Paredz\u0113ts na\u017eiem l\u012bdz 6 instrumentiem, kuriem ir nofiks\u0113jami asme\u0146i.<\/p>\n","protected":false},"featured_media":70499,"template":"","meta":[],"product_brand":[54],"product_cat":[4558,4571,4740],"product_tag":[],"class_list":{"0":"post-78593","1":"product","2":"type-product","3":"status-publish","4":"has-post-thumbnail","6":"product_brand-victorinox","7":"product_cat-for-tourism-recreation","8":"product_cat-dishes-knives-folding-tables-for-tourism-recreation","9":"product_cat-knife-accessories-dishes-knives-folding-tables-for-tourism-recreation","11":"first","12":"instock","13":"shipping-taxable","14":"purchasable","15":"product-type-simple"},"_links":{"self":[{"href":"https:\/\/sezona.lv\/en\/wp-json\/wp\/v2\/product\/78593","targetHints":{"allow":["GET"]}}],"collection":[{"href":"https:\/\/sezona.lv\/en\/wp-json\/wp\/v2\/product"}],"about":[{"href":"https:\/\/sezona.lv\/en\/wp-json\/wp\/v2\/types\/product"}],"wp:featuredmedia":[{"embeddable":true,"href":"https:\/\/sezona.lv\/en\/wp-json\/wp\/v2\/media\/70499"}],"wp:attachment":[{"href":"https:\/\/sezona.lv\/en\/wp-json\/wp\/v2\/media?parent=78593"}],"wp:term":[{"taxonomy":"product_brand","embeddable":true,"href":"https:\/\/sezona.lv\/en\/wp-json\/wp\/v2\/product_brand?post=78593"},{"taxonomy":"product_cat","embeddable":true,"href":"https:\/\/sezona.lv\/en\/wp-json\/wp\/v2\/product_cat?post=78593"},{"taxonomy":"product_tag","embeddable":true,"href":"https:\/\/sezona.lv\/en\/wp-json\/wp\/v2\/product_tag?post=78593"}],"curies":[{"name":"wp","href":"https:\/\/api.w.org\/{rel}","templated":true}]}}