{"id":78594,"date":"2025-07-14T15:26:38","date_gmt":"2025-07-14T12:26:38","guid":{"rendered":"https:\/\/demo8.ecube.lv\/sezona.lv\/products\/victorinox-kedite-nazim-belt-hanger\/"},"modified":"2025-07-14T15:26:38","modified_gmt":"2025-07-14T12:26:38","slug":"victorinox-kedite-nazim-belt-hanger","status":"publish","type":"product","link":"https:\/\/sezona.lv\/en\/products\/victorinox-kedite-nazim-belt-hanger\/","title":{"rendered":"Victorinox \u0136\u0113d\u012bte nazim Belt Hanger"},"content":{"rendered":"<p>\u0136\u0113d\u012bte Victorinox &Scaron;veices na\u017eiem, kuru var piestiprin\u0101t pie siksnas. Tas ne\u013caus pazust j\u016bsu nazim.<\/p>\n","protected":false},"excerpt":{"rendered":"<p>\u0136\u0113d\u012bte Victorinox &Scaron;veices na\u017eiem, kuru var piestiprin\u0101t pie siksnas. Tas ne\u013caus pazust j\u016bsu nazim.<\/p>\n","protected":false},"featured_media":0,"template":"","meta":[],"product_brand":[54],"product_cat":[4558,4571,4640,4740],"product_tag":[],"class_list":{"0":"post-78594","1":"product","2":"type-product","3":"status-publish","5":"product_brand-victorinox","6":"product_cat-for-tourism-recreation","7":"product_cat-dishes-knives-folding-tables-for-tourism-recreation","8":"product_cat-recreation","9":"product_cat-knife-accessories-dishes-knives-folding-tables-for-tourism-recreation","11":"first","12":"instock","13":"shipping-taxable","14":"purchasable","15":"product-type-simple"},"_links":{"self":[{"href":"https:\/\/sezona.lv\/en\/wp-json\/wp\/v2\/product\/78594","targetHints":{"allow":["GET"]}}],"collection":[{"href":"https:\/\/sezona.lv\/en\/wp-json\/wp\/v2\/product"}],"about":[{"href":"https:\/\/sezona.lv\/en\/wp-json\/wp\/v2\/types\/product"}],"wp:attachment":[{"href":"https:\/\/sezona.lv\/en\/wp-json\/wp\/v2\/media?parent=78594"}],"wp:term":[{"taxonomy":"product_brand","embeddable":true,"href":"https:\/\/sezona.lv\/en\/wp-json\/wp\/v2\/product_brand?post=78594"},{"taxonomy":"product_cat","embeddable":true,"href":"https:\/\/sezona.lv\/en\/wp-json\/wp\/v2\/product_cat?post=78594"},{"taxonomy":"product_tag","embeddable":true,"href":"https:\/\/sezona.lv\/en\/wp-json\/wp\/v2\/product_tag?post=78594"}],"curies":[{"name":"wp","href":"https:\/\/api.w.org\/{rel}","templated":true}]}}