{"id":78595,"date":"2025-07-11T16:41:51","date_gmt":"2025-07-11T13:41:51","guid":{"rendered":"https:\/\/demo8.ecube.lv\/sezona.lv\/products\/victorinox-naza-uzgalis-mini-screwdriver\/"},"modified":"2025-07-14T15:26:39","modified_gmt":"2025-07-14T12:26:39","slug":"victorinox-naza-uzgalis-mini-screwdriver","status":"publish","type":"product","link":"https:\/\/sezona.lv\/en\/products\/victorinox-naza-uzgalis-mini-screwdriver\/","title":{"rendered":"Victorinox Na\u017ea uzgalis Mini Screwdriver"},"content":{"rendered":"<p>Mazs skr\u016bvgrieznis, kuru var piestiprin\u0101t pie Victorinox &Scaron;veices armijas  na\u017eiem. Instruments stiprin\u0101s uz kor\u0137vi\u013ca un tad to var izmantot k\u0101  amzo plakano skr\u016bvgriezni.<\/p>\n","protected":false},"excerpt":{"rendered":"<p>Mazs skr\u016bvgrieznis, kuru var piestiprin\u0101t pie Victorinox &Scaron;veices armijas na\u017eiem. Instruments stiprin\u0101s uz kor\u0137vi\u013ca un tad to var izmantot k\u0101 amzo plakano skr\u016bvgriezni.<\/p>\n","protected":false},"featured_media":70507,"template":"","meta":[],"product_brand":[54],"product_cat":[4558,4571,4740],"product_tag":[],"class_list":{"0":"post-78595","1":"product","2":"type-product","3":"status-publish","4":"has-post-thumbnail","6":"product_brand-victorinox","7":"product_cat-for-tourism-recreation","8":"product_cat-dishes-knives-folding-tables-for-tourism-recreation","9":"product_cat-knife-accessories-dishes-knives-folding-tables-for-tourism-recreation","11":"first","12":"instock","13":"shipping-taxable","14":"purchasable","15":"product-type-simple"},"_links":{"self":[{"href":"https:\/\/sezona.lv\/en\/wp-json\/wp\/v2\/product\/78595","targetHints":{"allow":["GET"]}}],"collection":[{"href":"https:\/\/sezona.lv\/en\/wp-json\/wp\/v2\/product"}],"about":[{"href":"https:\/\/sezona.lv\/en\/wp-json\/wp\/v2\/types\/product"}],"wp:featuredmedia":[{"embeddable":true,"href":"https:\/\/sezona.lv\/en\/wp-json\/wp\/v2\/media\/70507"}],"wp:attachment":[{"href":"https:\/\/sezona.lv\/en\/wp-json\/wp\/v2\/media?parent=78595"}],"wp:term":[{"taxonomy":"product_brand","embeddable":true,"href":"https:\/\/sezona.lv\/en\/wp-json\/wp\/v2\/product_brand?post=78595"},{"taxonomy":"product_cat","embeddable":true,"href":"https:\/\/sezona.lv\/en\/wp-json\/wp\/v2\/product_cat?post=78595"},{"taxonomy":"product_tag","embeddable":true,"href":"https:\/\/sezona.lv\/en\/wp-json\/wp\/v2\/product_tag?post=78595"}],"curies":[{"name":"wp","href":"https:\/\/api.w.org\/{rel}","templated":true}]}}