{"id":78599,"date":"2025-07-11T16:41:55","date_gmt":"2025-07-11T13:41:55","guid":{"rendered":"https:\/\/demo8.ecube.lv\/sezona.lv\/products\/true-hokeja-cimdi-a4-5-melni-12\/"},"modified":"2025-07-14T15:26:44","modified_gmt":"2025-07-14T12:26:44","slug":"true-hokeja-cimdi-a4-5-melni-12","status":"publish","type":"product","link":"https:\/\/sezona.lv\/en\/products\/true-hokeja-cimdi-a4-5-melni-12\/","title":{"rendered":"True Hokeja cimdi A4.5 melni 12&#8243;"},"content":{"rendered":"<p>A4.5 TRUE dom\u0101ts jebkuram sp\u0113l\u0113t\u0101jam,<br \/> dod priek&scaron;roku tradicion\u0101lajai piem\u0113rot\u012bbai, saglab\u0101jot piln\u012bgu mobilit\u0101ti.<br \/> Materi\u0101ls: \u0101r\u0113jais apvalks PRO-GRADE neilona<\/p>\n<p> Materi\u0101ls: \u0101r\u0113jais apvalks PRO-GRADE neilona<\/p>\n<p>TRUE A4.5 hokeja cimdi ir \u0113rti un \u013cauj netrauc\u0113ti kustin\u0101t plaukstas  loc\u012btavu. TRUEFLEXX aizsargs \u013cauj kustin\u0101t \u012bk&scaron;\u0137i bez ierobe\u017eojumiem,  aizsarg\u0101jot to no visa veida traum\u0101m<\/p>\n","protected":false},"excerpt":{"rendered":"<p>A4.5 TRUE dom\u0101ts jebkuram sp\u0113l\u0113t\u0101jam, dod priek&scaron;roku tradicion\u0101lajai piem\u0113rot\u012bbai, saglab\u0101jot piln\u012bgu mobilit\u0101ti. Materi\u0101ls: \u0101r\u0113jais apvalks PRO-GRADE neilona Materi\u0101ls: \u0101r\u0113jais apvalks PRO-GRADE neilona TRUE A4.5 hokeja cimdi ir \u0113rti un \u013cauj netrauc\u0113ti kustin\u0101t plaukstas loc\u012btavu. TRUEFLEXX aizsargs \u013cauj kustin\u0101t \u012bk&scaron;\u0137i bez ierobe\u017eojumiem, aizsarg\u0101jot to no visa veida traum\u0101m<\/p>\n","protected":false},"featured_media":70516,"template":"","meta":[],"product_brand":[],"product_cat":[4602,4603,4681],"product_tag":[],"class_list":{"0":"post-78599","1":"product","2":"type-product","3":"status-publish","4":"has-post-thumbnail","6":"product_cat-summer-sports-sports","7":"product_cat-ice-hockey-winter-sports","8":"product_cat-hockey-gloves-ice-hockey-winter-sports","10":"first","11":"instock","12":"shipping-taxable","13":"purchasable","14":"product-type-simple"},"_links":{"self":[{"href":"https:\/\/sezona.lv\/en\/wp-json\/wp\/v2\/product\/78599","targetHints":{"allow":["GET"]}}],"collection":[{"href":"https:\/\/sezona.lv\/en\/wp-json\/wp\/v2\/product"}],"about":[{"href":"https:\/\/sezona.lv\/en\/wp-json\/wp\/v2\/types\/product"}],"wp:featuredmedia":[{"embeddable":true,"href":"https:\/\/sezona.lv\/en\/wp-json\/wp\/v2\/media\/70516"}],"wp:attachment":[{"href":"https:\/\/sezona.lv\/en\/wp-json\/wp\/v2\/media?parent=78599"}],"wp:term":[{"taxonomy":"product_brand","embeddable":true,"href":"https:\/\/sezona.lv\/en\/wp-json\/wp\/v2\/product_brand?post=78599"},{"taxonomy":"product_cat","embeddable":true,"href":"https:\/\/sezona.lv\/en\/wp-json\/wp\/v2\/product_cat?post=78599"},{"taxonomy":"product_tag","embeddable":true,"href":"https:\/\/sezona.lv\/en\/wp-json\/wp\/v2\/product_tag?post=78599"}],"curies":[{"name":"wp","href":"https:\/\/api.w.org\/{rel}","templated":true}]}}