{"id":78607,"date":"2025-07-14T15:26:52","date_gmt":"2025-07-14T12:26:52","guid":{"rendered":"https:\/\/demo8.ecube.lv\/sezona.lv\/products\/true-hokeja-cimdi-xcore9-melni-12\/"},"modified":"2025-07-14T15:26:52","modified_gmt":"2025-07-14T12:26:52","slug":"true-hokeja-cimdi-xcore9-melni-12","status":"publish","type":"product","link":"https:\/\/sezona.lv\/en\/products\/true-hokeja-cimdi-xcore9-melni-12\/","title":{"rendered":"True Hokeja cimdi XCORE9 melni 12&#8243;"},"content":{"rendered":"<p>&Scaron;ie cimdi TRUE ir dom\u0101ti jebkuram sp\u0113l\u0113t\u0101jam, kas  mekl\u0113 maksim\u0101lu kontroli un nep\u0101rsp\u0113jamu komfortu.<\/p>\n<p>TRUE XCORE9 hokeja cimdi ir \u0113rti un \u013cauj netrauc\u0113ti kustin\u0101t plaukstas  loc\u012btavu. ZPalm tehnolo\u0123ija \u013cauj bez p\u016bl\u0113m nomain\u012bt cimda plaukstu, ja  t\u0101 ir sapl\u0113sta, t\u0101d\u0113\u013c cimds kalpos ilg\u0101ku laiku. TRUEFLEXX aizsargs \u013cauj  kustin\u0101t \u012bk&scaron;\u0137i bez ierobe\u017eojumiem, aizsarg\u0101jot to no visa veida  traum\u0101m.<\/p>\n","protected":false},"excerpt":{"rendered":"<p>&Scaron;ie cimdi TRUE ir dom\u0101ti jebkuram sp\u0113l\u0113t\u0101jam, kas mekl\u0113 maksim\u0101lu kontroli un nep\u0101rsp\u0113jamu komfortu. TRUE XCORE9 hokeja cimdi ir \u0113rti un \u013cauj netrauc\u0113ti kustin\u0101t plaukstas loc\u012btavu. ZPalm tehnolo\u0123ija \u013cauj bez p\u016bl\u0113m nomain\u012bt cimda plaukstu, ja t\u0101 ir sapl\u0113sta, t\u0101d\u0113\u013c cimds kalpos ilg\u0101ku laiku. TRUEFLEXX aizsargs \u013cauj kustin\u0101t \u012bk&scaron;\u0137i bez ierobe\u017eojumiem, aizsarg\u0101jot to no visa veida [&hellip;]<\/p>\n","protected":false},"featured_media":0,"template":"","meta":[],"product_brand":[],"product_cat":[4587,4603,4681,4795],"product_tag":[],"class_list":{"0":"post-78607","1":"product","2":"type-product","3":"status-publish","5":"product_cat-sports","6":"product_cat-ice-hockey-winter-sports","7":"product_cat-hockey-gloves-ice-hockey-winter-sports","8":"product_cat-winter-sports-sports","10":"first","11":"instock","12":"shipping-taxable","13":"purchasable","14":"product-type-simple"},"_links":{"self":[{"href":"https:\/\/sezona.lv\/en\/wp-json\/wp\/v2\/product\/78607","targetHints":{"allow":["GET"]}}],"collection":[{"href":"https:\/\/sezona.lv\/en\/wp-json\/wp\/v2\/product"}],"about":[{"href":"https:\/\/sezona.lv\/en\/wp-json\/wp\/v2\/types\/product"}],"wp:attachment":[{"href":"https:\/\/sezona.lv\/en\/wp-json\/wp\/v2\/media?parent=78607"}],"wp:term":[{"taxonomy":"product_brand","embeddable":true,"href":"https:\/\/sezona.lv\/en\/wp-json\/wp\/v2\/product_brand?post=78607"},{"taxonomy":"product_cat","embeddable":true,"href":"https:\/\/sezona.lv\/en\/wp-json\/wp\/v2\/product_cat?post=78607"},{"taxonomy":"product_tag","embeddable":true,"href":"https:\/\/sezona.lv\/en\/wp-json\/wp\/v2\/product_tag?post=78607"}],"curies":[{"name":"wp","href":"https:\/\/api.w.org\/{rel}","templated":true}]}}