{"id":78624,"date":"2025-07-11T15:50:58","date_gmt":"2025-07-11T12:50:58","guid":{"rendered":"https:\/\/demo8.ecube.lv\/sezona.lv\/products\/true-vartsarga-nuja-a6-0-sbp-cg-jr-mc-21-l-balta\/"},"modified":"2025-07-14T15:27:09","modified_gmt":"2025-07-14T12:27:09","slug":"true-vartsarga-nuja-a6-0-sbp-cg-jr-mc-21-l-balta","status":"publish","type":"product","link":"https:\/\/sezona.lv\/en\/products\/true-vartsarga-nuja-a6-0-sbp-cg-jr-mc-21-l-balta\/","title":{"rendered":"True V\u0101rtsarga n\u016bja A6.0 SBP CG JR MC 21 L (balta)"},"content":{"rendered":"<p>IZTUR\u012aBA\/BALANS\/JAUDA<\/p>\n<p>TRUE v\u0101rtsarga n\u016bja dom\u0101ta jebkuram v\u0101rtsargam. &Scaron;\u012bs n\u016bjas priek&scaron;roc\u012bba  ir ultra-viegla, kompoz\u012bta, dizains ar superior labsaj\u016btu, maksim\u0101la absorbcija un atsitiena kontrole. Tehnolo\u0123ija: AXENIC, SMARTPLY, BRT Svars: 610 g Garums plat\u0101kai malai ir 63.5 cm<\/p>\n","protected":false},"excerpt":{"rendered":"<p>IZTUR\u012aBA\/BALANS\/JAUDA TRUE v\u0101rtsarga n\u016bja dom\u0101ta jebkuram v\u0101rtsargam. &Scaron;\u012bs n\u016bjas priek&scaron;roc\u012bba ir ultra-viegla, kompoz\u012bta, dizains ar superior labsaj\u016btu, maksim\u0101la absorbcija un atsitiena kontrole. Tehnolo\u0123ija: AXENIC, SMARTPLY, BRT Svars: 610 g Garums plat\u0101kai malai ir 63.5 cm<\/p>\n","protected":false},"featured_media":62043,"template":"","meta":[],"product_brand":[],"product_cat":[4558,4571,4733],"product_tag":[],"class_list":{"0":"post-78624","1":"product","2":"type-product","3":"status-publish","4":"has-post-thumbnail","6":"product_cat-for-tourism-recreation","7":"product_cat-dishes-knives-folding-tables-for-tourism-recreation","8":"product_cat-knives-dishes-knives-folding-tables-for-tourism-recreation","10":"first","11":"instock","12":"shipping-taxable","13":"purchasable","14":"product-type-simple"},"_links":{"self":[{"href":"https:\/\/sezona.lv\/en\/wp-json\/wp\/v2\/product\/78624","targetHints":{"allow":["GET"]}}],"collection":[{"href":"https:\/\/sezona.lv\/en\/wp-json\/wp\/v2\/product"}],"about":[{"href":"https:\/\/sezona.lv\/en\/wp-json\/wp\/v2\/types\/product"}],"wp:featuredmedia":[{"embeddable":true,"href":"https:\/\/sezona.lv\/en\/wp-json\/wp\/v2\/media\/62043"}],"wp:attachment":[{"href":"https:\/\/sezona.lv\/en\/wp-json\/wp\/v2\/media?parent=78624"}],"wp:term":[{"taxonomy":"product_brand","embeddable":true,"href":"https:\/\/sezona.lv\/en\/wp-json\/wp\/v2\/product_brand?post=78624"},{"taxonomy":"product_cat","embeddable":true,"href":"https:\/\/sezona.lv\/en\/wp-json\/wp\/v2\/product_cat?post=78624"},{"taxonomy":"product_tag","embeddable":true,"href":"https:\/\/sezona.lv\/en\/wp-json\/wp\/v2\/product_tag?post=78624"}],"curies":[{"name":"wp","href":"https:\/\/api.w.org\/{rel}","templated":true}]}}