{"id":78685,"date":"2025-07-14T15:28:05","date_gmt":"2025-07-14T12:28:05","guid":{"rendered":"https:\/\/demo8.ecube.lv\/sezona.lv\/products\/true-hokeja-sorti-xc9-sbp-jr-l-melns\/"},"modified":"2025-07-14T15:28:05","modified_gmt":"2025-07-14T12:28:05","slug":"true-hokeja-sorti-xc9-sbp-jr-l-melns","status":"publish","type":"product","link":"https:\/\/sezona.lv\/en\/products\/true-hokeja-sorti-xc9-sbp-jr-l-melns\/","title":{"rendered":"True Hokeja \u0161orti XC9 SBP JR L (melns)"},"content":{"rendered":"<p>Izgatavots TRUE sp\u0113l\u0113t\u0101jam, kuram nepiecie&scaron;ams vair\u0101k apr\u012bkots un viegli hokeja &scaron;orti ar nep\u0101rsp\u0113jamu aizsardz\u012bbu. <span style=\"background-color: #ffffff\"><strong>TEHNOLO\u0122IJA<\/strong> <\/span>Piekares tehnolo\u0123ija X-TEC \/ neilons 800 den \/ molded PE plastmasa.<\/p>\n<p>Priek&scaron;roc\u012bbas sp\u0113l\u0113t\u0101jam <strong>ELAST\u012aBA<\/strong> Nodro&scaron;ina  poliestera-neilona stiegrojuma elementus. Lieliska elast\u012bba, kam\u0113r  apvilktas cilpas ap visu jostu un lentes ir ide\u0101li piem\u0113rotas. <strong>AIZSARDZ\u012aBA<\/strong> Perfor\u0113ta plastmasas korpuss izgatavots no iesmidzin\u0101&scaron;anas form\u0113&scaron;anas  poliuret\u0101ns (PE) aizsarg\u0101 pret stingru kontaktu vis\u0101 aug&scaron;stilbu un nieru  jom\u0101. Nailona \u0101r\u0113j\u0101 apvalka Bl\u012bvums 800 den nov\u0113r&scaron; boj\u0101jumus un ir  iztur\u012bgs pret nodilumu, bet taktisk\u0101 sieta rip-stop materi\u0101ls pal\u012bdz  aizsarg\u0101t muguras p\u0113das laukumu.<\/p>\n","protected":false},"excerpt":{"rendered":"<p>Izgatavots TRUE sp\u0113l\u0113t\u0101jam, kuram nepiecie&scaron;ams vair\u0101k apr\u012bkots un viegli hokeja &scaron;orti ar nep\u0101rsp\u0113jamu aizsardz\u012bbu. TEHNOLO\u0122IJA Piekares tehnolo\u0123ija X-TEC \/ neilons 800 den \/ molded PE plastmasa. Priek&scaron;roc\u012bbas sp\u0113l\u0113t\u0101jam ELAST\u012aBA Nodro&scaron;ina poliestera-neilona stiegrojuma elementus. Lieliska elast\u012bba, kam\u0113r apvilktas cilpas ap visu jostu un lentes ir ide\u0101li piem\u0113rotas. AIZSARDZ\u012aBA Perfor\u0113ta plastmasas korpuss izgatavots no iesmidzin\u0101&scaron;anas form\u0113&scaron;anas poliuret\u0101ns [&hellip;]<\/p>\n","protected":false},"featured_media":0,"template":"","meta":[],"product_brand":[],"product_cat":[4587,4603,4682,4795],"product_tag":[],"class_list":{"0":"post-78685","1":"product","2":"type-product","3":"status-publish","5":"product_cat-sports","6":"product_cat-ice-hockey-winter-sports","7":"product_cat-hockey-pants-ice-hockey-winter-sports","8":"product_cat-winter-sports-sports","10":"first","11":"instock","12":"shipping-taxable","13":"purchasable","14":"product-type-simple"},"_links":{"self":[{"href":"https:\/\/sezona.lv\/en\/wp-json\/wp\/v2\/product\/78685","targetHints":{"allow":["GET"]}}],"collection":[{"href":"https:\/\/sezona.lv\/en\/wp-json\/wp\/v2\/product"}],"about":[{"href":"https:\/\/sezona.lv\/en\/wp-json\/wp\/v2\/types\/product"}],"wp:attachment":[{"href":"https:\/\/sezona.lv\/en\/wp-json\/wp\/v2\/media?parent=78685"}],"wp:term":[{"taxonomy":"product_brand","embeddable":true,"href":"https:\/\/sezona.lv\/en\/wp-json\/wp\/v2\/product_brand?post=78685"},{"taxonomy":"product_cat","embeddable":true,"href":"https:\/\/sezona.lv\/en\/wp-json\/wp\/v2\/product_cat?post=78685"},{"taxonomy":"product_tag","embeddable":true,"href":"https:\/\/sezona.lv\/en\/wp-json\/wp\/v2\/product_tag?post=78685"}],"curies":[{"name":"wp","href":"https:\/\/api.w.org\/{rel}","templated":true}]}}