{"id":78691,"date":"2025-07-14T15:28:11","date_gmt":"2025-07-14T12:28:11","guid":{"rendered":"https:\/\/demo8.ecube.lv\/sezona.lv\/products\/true-vartsarga-nuja-a6-0-sbp-cg-sr-tc-26-balta\/"},"modified":"2025-07-14T15:28:11","modified_gmt":"2025-07-14T12:28:11","slug":"true-vartsarga-nuja-a6-0-sbp-cg-sr-tc-26-balta","status":"publish","type":"product","link":"https:\/\/sezona.lv\/en\/products\/true-vartsarga-nuja-a6-0-sbp-cg-sr-tc-26-balta\/","title":{"rendered":"True V\u0101rtsarga n\u016bja A6.0 SBP CG SR TC 26 (balta)"},"content":{"rendered":"<p>IZTUR\u012aBA\/BALANS\/JAUDA<\/p>\n<p>TRUE v\u0101rtsarga n\u016bja dom\u0101ta jebkuram v\u0101rtsargam. &Scaron;\u012bs n\u016bjas priek&scaron;roc\u012bba  ir ultra-viegla, kompoz\u012bta, dizains ar superior labsaj\u016btu, maksim\u0101la absorbcija un atsitiena kontrole. Tehnolo\u0123ija: AXENIC, SMARTPLY, BRT Svars: 685 g Garums plat\u0101kai malai ir 63.5 cm<\/p>\n","protected":false},"excerpt":{"rendered":"<p>IZTUR\u012aBA\/BALANS\/JAUDA TRUE v\u0101rtsarga n\u016bja dom\u0101ta jebkuram v\u0101rtsargam. &Scaron;\u012bs n\u016bjas priek&scaron;roc\u012bba ir ultra-viegla, kompoz\u012bta, dizains ar superior labsaj\u016btu, maksim\u0101la absorbcija un atsitiena kontrole. Tehnolo\u0123ija: AXENIC, SMARTPLY, BRT Svars: 685 g Garums plat\u0101kai malai ir 63.5 cm<\/p>\n","protected":false},"featured_media":0,"template":"","meta":[],"product_brand":[],"product_cat":[4587,4603,4680,4795],"product_tag":[],"class_list":{"0":"post-78691","1":"product","2":"type-product","3":"status-publish","5":"product_cat-sports","6":"product_cat-ice-hockey-winter-sports","7":"product_cat-hockey-sticks-ice-hockey-winter-sports","8":"product_cat-winter-sports-sports","10":"first","11":"instock","12":"shipping-taxable","13":"purchasable","14":"product-type-simple"},"_links":{"self":[{"href":"https:\/\/sezona.lv\/en\/wp-json\/wp\/v2\/product\/78691","targetHints":{"allow":["GET"]}}],"collection":[{"href":"https:\/\/sezona.lv\/en\/wp-json\/wp\/v2\/product"}],"about":[{"href":"https:\/\/sezona.lv\/en\/wp-json\/wp\/v2\/types\/product"}],"wp:attachment":[{"href":"https:\/\/sezona.lv\/en\/wp-json\/wp\/v2\/media?parent=78691"}],"wp:term":[{"taxonomy":"product_brand","embeddable":true,"href":"https:\/\/sezona.lv\/en\/wp-json\/wp\/v2\/product_brand?post=78691"},{"taxonomy":"product_cat","embeddable":true,"href":"https:\/\/sezona.lv\/en\/wp-json\/wp\/v2\/product_cat?post=78691"},{"taxonomy":"product_tag","embeddable":true,"href":"https:\/\/sezona.lv\/en\/wp-json\/wp\/v2\/product_tag?post=78691"}],"curies":[{"name":"wp","href":"https:\/\/api.w.org\/{rel}","templated":true}]}}