{"id":78696,"date":"2025-07-14T15:28:15","date_gmt":"2025-07-14T12:28:15","guid":{"rendered":"https:\/\/demo8.ecube.lv\/sezona.lv\/products\/true-hokeja-nuja-xcore-9-acf-jr-ops-tc2-f-40-l\/"},"modified":"2025-07-14T15:28:15","modified_gmt":"2025-07-14T12:28:15","slug":"true-hokeja-nuja-xcore-9-acf-jr-ops-tc2-f-40-l","status":"publish","type":"product","link":"https:\/\/sezona.lv\/en\/products\/true-hokeja-nuja-xcore-9-acf-jr-ops-tc2-f-40-l\/","title":{"rendered":"True Hokeja n\u016bja XCORE 9 ACF JR OPS TC2 F 40 L"},"content":{"rendered":"<p>Hokeja n\u016bja, kas dom\u0101ta prec\u012bz\u0101kam metienam.<\/p>\n<p>Ar XCORE l\u0101psti\u0146as tehnolo\u0123ijas pal\u012bdz\u012bbu, ir iesp\u0113jams veikt prec\u012bz\u0101kus  metienus un piesp\u0113les, nek\u0101 ar iepriek&scaron;\u0113jo mode\u013cu n\u016bj\u0101m. Ar XCORE 9  n\u016bju, kas apr\u012bkota ar vibr\u0101cijas absorb\u0113&scaron;anas tehnolo\u0123iju, ir \u012bpa&scaron;i  viegli sa\u0146emt piesp\u0113les, k\u0101 ar\u012b apstr\u0101d\u0101t ripu un veikt m\u0101\u0146kust\u012bbas.  Svars &#8211; 330 g, garums 132 cm. TC2 ieloka sal\u012bdzin\u0101jums: |Bauer &#8211;  Backstrom, P92| |CCM &#8211; Nuget-Hopkins, P19| |Easton &#8211; Hall, E3| |Reebok &#8211;  Crosby, P87A| |Warrior &#8211; Kopitar, W03|<\/p>\n","protected":false},"excerpt":{"rendered":"<p>Hokeja n\u016bja, kas dom\u0101ta prec\u012bz\u0101kam metienam. Ar XCORE l\u0101psti\u0146as tehnolo\u0123ijas pal\u012bdz\u012bbu, ir iesp\u0113jams veikt prec\u012bz\u0101kus metienus un piesp\u0113les, nek\u0101 ar iepriek&scaron;\u0113jo mode\u013cu n\u016bj\u0101m. Ar XCORE 9 n\u016bju, kas apr\u012bkota ar vibr\u0101cijas absorb\u0113&scaron;anas tehnolo\u0123iju, ir \u012bpa&scaron;i viegli sa\u0146emt piesp\u0113les, k\u0101 ar\u012b apstr\u0101d\u0101t ripu un veikt m\u0101\u0146kust\u012bbas. Svars &#8211; 330 g, garums 132 cm. TC2 ieloka sal\u012bdzin\u0101jums: [&hellip;]<\/p>\n","protected":false},"featured_media":0,"template":"","meta":[],"product_brand":[],"product_cat":[4587,4603,4680,4795],"product_tag":[],"class_list":{"0":"post-78696","1":"product","2":"type-product","3":"status-publish","5":"product_cat-sports","6":"product_cat-ice-hockey-winter-sports","7":"product_cat-hockey-sticks-ice-hockey-winter-sports","8":"product_cat-winter-sports-sports","10":"first","11":"instock","12":"shipping-taxable","13":"purchasable","14":"product-type-simple"},"_links":{"self":[{"href":"https:\/\/sezona.lv\/en\/wp-json\/wp\/v2\/product\/78696","targetHints":{"allow":["GET"]}}],"collection":[{"href":"https:\/\/sezona.lv\/en\/wp-json\/wp\/v2\/product"}],"about":[{"href":"https:\/\/sezona.lv\/en\/wp-json\/wp\/v2\/types\/product"}],"wp:attachment":[{"href":"https:\/\/sezona.lv\/en\/wp-json\/wp\/v2\/media?parent=78696"}],"wp:term":[{"taxonomy":"product_brand","embeddable":true,"href":"https:\/\/sezona.lv\/en\/wp-json\/wp\/v2\/product_brand?post=78696"},{"taxonomy":"product_cat","embeddable":true,"href":"https:\/\/sezona.lv\/en\/wp-json\/wp\/v2\/product_cat?post=78696"},{"taxonomy":"product_tag","embeddable":true,"href":"https:\/\/sezona.lv\/en\/wp-json\/wp\/v2\/product_tag?post=78696"}],"curies":[{"name":"wp","href":"https:\/\/api.w.org\/{rel}","templated":true}]}}