{"id":78699,"date":"2025-07-11T16:44:24","date_gmt":"2025-07-11T13:44:24","guid":{"rendered":"https:\/\/demo8.ecube.lv\/sezona.lv\/products\/true-hokeja-nujas-pagarinatajs-jr-6-true\/"},"modified":"2025-07-14T15:28:18","modified_gmt":"2025-07-14T12:28:18","slug":"true-hokeja-nujas-pagarinatajs-jr-6-true","status":"publish","type":"product","link":"https:\/\/sezona.lv\/en\/products\/true-hokeja-nujas-pagarinatajs-jr-6-true\/","title":{"rendered":"True Hokeja n\u016bjas pagarin\u0101t\u0101js JR 6&#8243; TRUE"},"content":{"rendered":"<p>Garums 15.23 cm<\/p>\n","protected":false},"excerpt":{"rendered":"<p>Garums 15.23 cm<\/p>\n","protected":false},"featured_media":70739,"template":"","meta":[],"product_brand":[],"product_cat":[4603,4680,4795],"product_tag":[],"class_list":{"0":"post-78699","1":"product","2":"type-product","3":"status-publish","4":"has-post-thumbnail","6":"product_cat-ice-hockey-winter-sports","7":"product_cat-hockey-sticks-ice-hockey-winter-sports","8":"product_cat-winter-sports-sports","10":"first","11":"instock","12":"shipping-taxable","13":"purchasable","14":"product-type-simple"},"_links":{"self":[{"href":"https:\/\/sezona.lv\/en\/wp-json\/wp\/v2\/product\/78699","targetHints":{"allow":["GET"]}}],"collection":[{"href":"https:\/\/sezona.lv\/en\/wp-json\/wp\/v2\/product"}],"about":[{"href":"https:\/\/sezona.lv\/en\/wp-json\/wp\/v2\/types\/product"}],"wp:featuredmedia":[{"embeddable":true,"href":"https:\/\/sezona.lv\/en\/wp-json\/wp\/v2\/media\/70739"}],"wp:attachment":[{"href":"https:\/\/sezona.lv\/en\/wp-json\/wp\/v2\/media?parent=78699"}],"wp:term":[{"taxonomy":"product_brand","embeddable":true,"href":"https:\/\/sezona.lv\/en\/wp-json\/wp\/v2\/product_brand?post=78699"},{"taxonomy":"product_cat","embeddable":true,"href":"https:\/\/sezona.lv\/en\/wp-json\/wp\/v2\/product_cat?post=78699"},{"taxonomy":"product_tag","embeddable":true,"href":"https:\/\/sezona.lv\/en\/wp-json\/wp\/v2\/product_tag?post=78699"}],"curies":[{"name":"wp","href":"https:\/\/api.w.org\/{rel}","templated":true}]}}