{"id":78704,"date":"2025-07-11T16:44:35","date_gmt":"2025-07-11T13:44:35","guid":{"rendered":"https:\/\/demo8.ecube.lv\/sezona.lv\/products\/true-hokeja-cimdi-xcore-7-melni-11\/"},"modified":"2025-07-14T15:28:23","modified_gmt":"2025-07-14T12:28:23","slug":"true-hokeja-cimdi-xcore-7-melni-11","status":"publish","type":"product","link":"https:\/\/sezona.lv\/en\/products\/true-hokeja-cimdi-xcore-7-melni-11\/","title":{"rendered":"True Hokeja cimdi XCORE 7 melni 11&#8243;"},"content":{"rendered":"<p>XCORE 7 TRUE ir dom\u0101ts jebkuram sp\u0113l\u0113t\u0101jam, izmantojot anatomisko piem\u0113rot\u012bbu maksim\u0101lai kontrolei.<\/p>\n<p>TRUE XC7 hokeja cimdi ir \u0113rti un \u013cauj netrauc\u0113ti kustin\u0101t plaukstas  loc\u012btavu. TRUEFLEXX aizsargs \u013cauj kustin\u0101t \u012bk&scaron;\u0137i bez ierobe\u017eojumiem,  aizsarg\u0101jot to no visa veida traum\u0101m.<\/p>\n","protected":false},"excerpt":{"rendered":"<p>XCORE 7 TRUE ir dom\u0101ts jebkuram sp\u0113l\u0113t\u0101jam, izmantojot anatomisko piem\u0113rot\u012bbu maksim\u0101lai kontrolei. TRUE XC7 hokeja cimdi ir \u0113rti un \u013cauj netrauc\u0113ti kustin\u0101t plaukstas loc\u012btavu. TRUEFLEXX aizsargs \u013cauj kustin\u0101t \u012bk&scaron;\u0137i bez ierobe\u017eojumiem, aizsarg\u0101jot to no visa veida traum\u0101m.<\/p>\n","protected":false},"featured_media":70754,"template":"","meta":[],"product_brand":[],"product_cat":[4603,4681,4795],"product_tag":[],"class_list":{"0":"post-78704","1":"product","2":"type-product","3":"status-publish","4":"has-post-thumbnail","6":"product_cat-ice-hockey-winter-sports","7":"product_cat-hockey-gloves-ice-hockey-winter-sports","8":"product_cat-winter-sports-sports","10":"first","11":"instock","12":"shipping-taxable","13":"purchasable","14":"product-type-simple"},"_links":{"self":[{"href":"https:\/\/sezona.lv\/en\/wp-json\/wp\/v2\/product\/78704","targetHints":{"allow":["GET"]}}],"collection":[{"href":"https:\/\/sezona.lv\/en\/wp-json\/wp\/v2\/product"}],"about":[{"href":"https:\/\/sezona.lv\/en\/wp-json\/wp\/v2\/types\/product"}],"wp:featuredmedia":[{"embeddable":true,"href":"https:\/\/sezona.lv\/en\/wp-json\/wp\/v2\/media\/70754"}],"wp:attachment":[{"href":"https:\/\/sezona.lv\/en\/wp-json\/wp\/v2\/media?parent=78704"}],"wp:term":[{"taxonomy":"product_brand","embeddable":true,"href":"https:\/\/sezona.lv\/en\/wp-json\/wp\/v2\/product_brand?post=78704"},{"taxonomy":"product_cat","embeddable":true,"href":"https:\/\/sezona.lv\/en\/wp-json\/wp\/v2\/product_cat?post=78704"},{"taxonomy":"product_tag","embeddable":true,"href":"https:\/\/sezona.lv\/en\/wp-json\/wp\/v2\/product_tag?post=78704"}],"curies":[{"name":"wp","href":"https:\/\/api.w.org\/{rel}","templated":true}]}}