{"id":78706,"date":"2025-07-14T15:28:26","date_gmt":"2025-07-14T12:28:26","guid":{"rendered":"https:\/\/demo8.ecube.lv\/sezona.lv\/products\/true-hokeja-nuja-a5-2-sbp-sr-mc-f-95-l\/"},"modified":"2025-07-14T15:28:26","modified_gmt":"2025-07-14T12:28:26","slug":"true-hokeja-nuja-a5-2-sbp-sr-mc-f-95-l","status":"publish","type":"product","link":"https:\/\/sezona.lv\/en\/products\/true-hokeja-nuja-a5-2-sbp-sr-mc-f-95-l\/","title":{"rendered":"True Hokeja n\u016bja A5.2 SBP SR MC F 95 L"},"content":{"rendered":"<p>Hokeja n\u016bja, kas dom\u0101ta sp\u0113c\u012bgam metienam.<\/p>\n<p>&Scaron;\u012b n\u016bja sniedz unik\u0101lu iztur\u012bbu, neskatoties uz t\u0101s apbr\u012bnojami vieglo  svaru (420g). A5.2 SBP piem\u012bt TRUE Hockey BRT l\u0101psti\u0146as tehnolo\u0123ija, ar  kuras pal\u012bdz\u012bbu t\u0101 kalpos ilgu laiku. N\u016bjas aug&scaron;\u0113j\u0101 da\u013ca ir m\u012bkst\u0101ka,  bet vidus ir piem\u0113rots vienm\u0113r\u012bgai sp\u0113ka p\u0101rvieto&scaron;anai uz n\u016bjas apak&scaron;u,  kas ir izstr\u0101d\u0101ta t\u0101, lai netiktu zaud\u0113ts metiena sp\u0113ks. Rezult\u0101t\u0101 tiek  sasniegts maksim\u0101ls sp\u0113ks un precizit\u0101te. TC4 ieloka sal\u012bdzin\u0101jums:  |EASTON E28| |Warrior W28|<\/p>\n<p>&nbsp;<\/p>\n<p>&nbsp;<\/p>\n","protected":false},"excerpt":{"rendered":"<p>Hokeja n\u016bja, kas dom\u0101ta sp\u0113c\u012bgam metienam. &Scaron;\u012b n\u016bja sniedz unik\u0101lu iztur\u012bbu, neskatoties uz t\u0101s apbr\u012bnojami vieglo svaru (420g). A5.2 SBP piem\u012bt TRUE Hockey BRT l\u0101psti\u0146as tehnolo\u0123ija, ar kuras pal\u012bdz\u012bbu t\u0101 kalpos ilgu laiku. N\u016bjas aug&scaron;\u0113j\u0101 da\u013ca ir m\u012bkst\u0101ka, bet vidus ir piem\u0113rots vienm\u0113r\u012bgai sp\u0113ka p\u0101rvieto&scaron;anai uz n\u016bjas apak&scaron;u, kas ir izstr\u0101d\u0101ta t\u0101, lai netiktu zaud\u0113ts [&hellip;]<\/p>\n","protected":false},"featured_media":0,"template":"","meta":[],"product_brand":[],"product_cat":[4587,4603,4680,4795],"product_tag":[],"class_list":{"0":"post-78706","1":"product","2":"type-product","3":"status-publish","5":"product_cat-sports","6":"product_cat-ice-hockey-winter-sports","7":"product_cat-hockey-sticks-ice-hockey-winter-sports","8":"product_cat-winter-sports-sports","10":"first","11":"instock","12":"shipping-taxable","13":"purchasable","14":"product-type-simple"},"_links":{"self":[{"href":"https:\/\/sezona.lv\/en\/wp-json\/wp\/v2\/product\/78706","targetHints":{"allow":["GET"]}}],"collection":[{"href":"https:\/\/sezona.lv\/en\/wp-json\/wp\/v2\/product"}],"about":[{"href":"https:\/\/sezona.lv\/en\/wp-json\/wp\/v2\/types\/product"}],"wp:attachment":[{"href":"https:\/\/sezona.lv\/en\/wp-json\/wp\/v2\/media?parent=78706"}],"wp:term":[{"taxonomy":"product_brand","embeddable":true,"href":"https:\/\/sezona.lv\/en\/wp-json\/wp\/v2\/product_brand?post=78706"},{"taxonomy":"product_cat","embeddable":true,"href":"https:\/\/sezona.lv\/en\/wp-json\/wp\/v2\/product_cat?post=78706"},{"taxonomy":"product_tag","embeddable":true,"href":"https:\/\/sezona.lv\/en\/wp-json\/wp\/v2\/product_tag?post=78706"}],"curies":[{"name":"wp","href":"https:\/\/api.w.org\/{rel}","templated":true}]}}