{"id":78707,"date":"2025-07-14T15:28:27","date_gmt":"2025-07-14T12:28:27","guid":{"rendered":"https:\/\/demo8.ecube.lv\/sezona.lv\/products\/true-hokeja-nuja-a4-5-sbp-sr-mc-f-95-l\/"},"modified":"2025-07-14T15:28:27","modified_gmt":"2025-07-14T12:28:27","slug":"true-hokeja-nuja-a4-5-sbp-sr-mc-f-95-l","status":"publish","type":"product","link":"https:\/\/sezona.lv\/en\/products\/true-hokeja-nuja-a4-5-sbp-sr-mc-f-95-l\/","title":{"rendered":"True Hokeja n\u016bja A4.5 SBP SR MC F 95 L"},"content":{"rendered":"<p>Hokeja n\u016bja, kas dom\u0101ta sp\u0113c\u012bgam metienam.<br \/> &Scaron;\u012b n\u016bja der jebkura l\u012bme\u0146a sp\u0113l\u0113t\u0101jam, kas mekl\u0113 perfektu kombin\u0101cijas sniegumu, iztur\u012bbu un pieejam\u012bbu.<br \/> Svars 445 g<br \/> Garums 152.5 cm<\/p>\n<p>&nbsp;<\/p>\n<p>&nbsp;<\/p>\n","protected":false},"excerpt":{"rendered":"<p>Hokeja n\u016bja, kas dom\u0101ta sp\u0113c\u012bgam metienam. &Scaron;\u012b n\u016bja der jebkura l\u012bme\u0146a sp\u0113l\u0113t\u0101jam, kas mekl\u0113 perfektu kombin\u0101cijas sniegumu, iztur\u012bbu un pieejam\u012bbu. Svars 445 g Garums 152.5 cm &nbsp; &nbsp;<\/p>\n","protected":false},"featured_media":0,"template":"","meta":[],"product_brand":[],"product_cat":[4587,4603,4680,4795],"product_tag":[],"class_list":{"0":"post-78707","1":"product","2":"type-product","3":"status-publish","5":"product_cat-sports","6":"product_cat-ice-hockey-winter-sports","7":"product_cat-hockey-sticks-ice-hockey-winter-sports","8":"product_cat-winter-sports-sports","10":"first","11":"instock","12":"shipping-taxable","13":"purchasable","14":"product-type-simple"},"_links":{"self":[{"href":"https:\/\/sezona.lv\/en\/wp-json\/wp\/v2\/product\/78707","targetHints":{"allow":["GET"]}}],"collection":[{"href":"https:\/\/sezona.lv\/en\/wp-json\/wp\/v2\/product"}],"about":[{"href":"https:\/\/sezona.lv\/en\/wp-json\/wp\/v2\/types\/product"}],"wp:attachment":[{"href":"https:\/\/sezona.lv\/en\/wp-json\/wp\/v2\/media?parent=78707"}],"wp:term":[{"taxonomy":"product_brand","embeddable":true,"href":"https:\/\/sezona.lv\/en\/wp-json\/wp\/v2\/product_brand?post=78707"},{"taxonomy":"product_cat","embeddable":true,"href":"https:\/\/sezona.lv\/en\/wp-json\/wp\/v2\/product_cat?post=78707"},{"taxonomy":"product_tag","embeddable":true,"href":"https:\/\/sezona.lv\/en\/wp-json\/wp\/v2\/product_tag?post=78707"}],"curies":[{"name":"wp","href":"https:\/\/api.w.org\/{rel}","templated":true}]}}