{"id":78712,"date":"2025-07-11T16:44:43","date_gmt":"2025-07-11T13:44:43","guid":{"rendered":"https:\/\/demo8.ecube.lv\/sezona.lv\/products\/true-hokeja-nuja-a4-5-sbp-18-jr-tc2-5-f-40-l\/"},"modified":"2025-07-14T15:28:31","modified_gmt":"2025-07-14T12:28:31","slug":"true-hokeja-nuja-a4-5-sbp-18-jr-tc2-5-f-40-l","status":"publish","type":"product","link":"https:\/\/sezona.lv\/en\/products\/true-hokeja-nuja-a4-5-sbp-18-jr-tc2-5-f-40-l\/","title":{"rendered":"True Hokeja n\u016bja A4.5 SBP-18 JR TC2.5 F 40 L"},"content":{"rendered":"<p>Hokeja n\u016bja, kas dom\u0101ta sp\u0113c\u012bgam metienam.<br \/> &Scaron;\u012b n\u016bja der jebkura l\u012bme\u0146a sp\u0113l\u0113t\u0101jam, kas mekl\u0113 perfektu kombin\u0101cijas sniegumu, iztur\u012bbu un pieejam\u012bbu.<br \/> Svars 435 g<br \/> Garums 147 cm<\/p>\n<p>A4.5 SBP piem\u012bt TRUE Hockey BRT l\u0101psti\u0146as tehnolo\u0123ija, ar kuras  pal\u012bdz\u012bbu t\u0101 kalpos ilgu laiku. N\u016bjas aug&scaron;\u0113j\u0101 da\u013ca ir m\u012bkst\u0101ka, bet  vidus ir piem\u0113rots vienm\u0113r\u012bgai sp\u0113ka p\u0101rvieto&scaron;anai uz n\u016bjas apak&scaron;u, kas  ir izstr\u0101d\u0101ta t\u0101, lai netiktu zaud\u0113ts metiena sp\u0113ks. Rezult\u0101t\u0101 tiek  sasniegts maksim\u0101ls sp\u0113ks un precizit\u0101te. TC2 ieloka sal\u012bdzin\u0101jums:  |Bauer &#8211; Backstrom, P92| |CCM &#8211; Nuget-Hopkins, P19| |Easton &#8211; Hall, E3|  |Reebok &#8211; Crosby, P87A| |Warrior &#8211; Kopitar, W03|<\/p>\n<p>&nbsp;<\/p>\n<p>&nbsp;<\/p>\n","protected":false},"excerpt":{"rendered":"<p>Hokeja n\u016bja, kas dom\u0101ta sp\u0113c\u012bgam metienam. &Scaron;\u012b n\u016bja der jebkura l\u012bme\u0146a sp\u0113l\u0113t\u0101jam, kas mekl\u0113 perfektu kombin\u0101cijas sniegumu, iztur\u012bbu un pieejam\u012bbu. Svars 435 g Garums 147 cm A4.5 SBP piem\u012bt TRUE Hockey BRT l\u0101psti\u0146as tehnolo\u0123ija, ar kuras pal\u012bdz\u012bbu t\u0101 kalpos ilgu laiku. N\u016bjas aug&scaron;\u0113j\u0101 da\u013ca ir m\u012bkst\u0101ka, bet vidus ir piem\u0113rots vienm\u0113r\u012bgai sp\u0113ka p\u0101rvieto&scaron;anai uz n\u016bjas [&hellip;]<\/p>\n","protected":false},"featured_media":0,"template":"","meta":[],"product_brand":[],"product_cat":[4603,4680,4795],"product_tag":[],"class_list":{"0":"post-78712","1":"product","2":"type-product","3":"status-publish","5":"product_cat-ice-hockey-winter-sports","6":"product_cat-hockey-sticks-ice-hockey-winter-sports","7":"product_cat-winter-sports-sports","9":"first","10":"instock","11":"shipping-taxable","12":"purchasable","13":"product-type-simple"},"_links":{"self":[{"href":"https:\/\/sezona.lv\/en\/wp-json\/wp\/v2\/product\/78712","targetHints":{"allow":["GET"]}}],"collection":[{"href":"https:\/\/sezona.lv\/en\/wp-json\/wp\/v2\/product"}],"about":[{"href":"https:\/\/sezona.lv\/en\/wp-json\/wp\/v2\/types\/product"}],"wp:attachment":[{"href":"https:\/\/sezona.lv\/en\/wp-json\/wp\/v2\/media?parent=78712"}],"wp:term":[{"taxonomy":"product_brand","embeddable":true,"href":"https:\/\/sezona.lv\/en\/wp-json\/wp\/v2\/product_brand?post=78712"},{"taxonomy":"product_cat","embeddable":true,"href":"https:\/\/sezona.lv\/en\/wp-json\/wp\/v2\/product_cat?post=78712"},{"taxonomy":"product_tag","embeddable":true,"href":"https:\/\/sezona.lv\/en\/wp-json\/wp\/v2\/product_tag?post=78712"}],"curies":[{"name":"wp","href":"https:\/\/api.w.org\/{rel}","templated":true}]}}