{"id":78716,"date":"2025-07-11T15:37:36","date_gmt":"2025-07-11T12:37:36","guid":{"rendered":"https:\/\/demo8.ecube.lv\/sezona.lv\/products\/true-hokeja-nuja-a6-0-sbp-18-int-tc2-f-68-l\/"},"modified":"2025-07-14T15:28:35","modified_gmt":"2025-07-14T12:28:35","slug":"true-hokeja-nuja-a6-0-sbp-18-int-tc2-f-68-l","status":"publish","type":"product","link":"https:\/\/sezona.lv\/en\/products\/true-hokeja-nuja-a6-0-sbp-18-int-tc2-f-68-l\/","title":{"rendered":"True Hokeja n\u016bja A6.0 SBP-18 INT TC2 F 68 L"},"content":{"rendered":"<p>Hokeja n\u016bja, kas dom\u0101ta sp\u0113c\u012bgam un prec\u012bzam metienam.<\/p>\n<p>A6.0 SBP sniedz unik\u0101lu iztur\u012bbu, neskatoties uz t\u0101s apbr\u012bnojami vieglo  svaru (340 g). A6.0 SBP piem\u012bt TRUE Hockey BRT l\u0101psti\u0146as tehnolo\u0123ija, ar  kuras pal\u012bdz\u012bbu t\u0101 kalpos ilgu laiku. N\u016bjas aug&scaron;\u0113j\u0101 da\u013ca ir m\u012bkst\u0101ka,  bet vidus ir piem\u0113rots vienm\u0113r\u012bgai sp\u0113ka p\u0101rvieto&scaron;anai uz n\u016bjas apak&scaron;u,  kas ir izstr\u0101d\u0101ta t\u0101, lai netiktu zaud\u0113ts metiena sp\u0113ks. Rezult\u0101t\u0101 tiek  sasniegts maksim\u0101ls sp\u0113ks un precizit\u0101te. Svars &#8211; 340 g, TC2 ieloka  sal\u012bdzin\u0101jums: |Bauer &#8211; Backstrom, P92| |CCM &#8211; Nuget-Hopkins, P19|  |Easton &#8211; Hall, E3| |Reebok &#8211; Crosby, P87A| |Warrior &#8211; Kopitar, W03|<\/p>\n<p>&nbsp;<\/p>\n<p>&nbsp;<\/p>\n","protected":false},"excerpt":{"rendered":"<p>Hokeja n\u016bja, kas dom\u0101ta sp\u0113c\u012bgam un prec\u012bzam metienam. A6.0 SBP sniedz unik\u0101lu iztur\u012bbu, neskatoties uz t\u0101s apbr\u012bnojami vieglo svaru (340 g). A6.0 SBP piem\u012bt TRUE Hockey BRT l\u0101psti\u0146as tehnolo\u0123ija, ar kuras pal\u012bdz\u012bbu t\u0101 kalpos ilgu laiku. N\u016bjas aug&scaron;\u0113j\u0101 da\u013ca ir m\u012bkst\u0101ka, bet vidus ir piem\u0113rots vienm\u0113r\u012bgai sp\u0113ka p\u0101rvieto&scaron;anai uz n\u016bjas apak&scaron;u, kas ir izstr\u0101d\u0101ta t\u0101, [&hellip;]<\/p>\n","protected":false},"featured_media":59982,"template":"","meta":[],"product_brand":[],"product_cat":[4602,4634],"product_tag":[],"class_list":{"0":"post-78716","1":"product","2":"type-product","3":"status-publish","4":"has-post-thumbnail","6":"product_cat-summer-sports-sports","7":"product_cat-swimming-summer-sports-sports","9":"first","10":"instock","11":"shipping-taxable","12":"purchasable","13":"product-type-simple"},"_links":{"self":[{"href":"https:\/\/sezona.lv\/en\/wp-json\/wp\/v2\/product\/78716","targetHints":{"allow":["GET"]}}],"collection":[{"href":"https:\/\/sezona.lv\/en\/wp-json\/wp\/v2\/product"}],"about":[{"href":"https:\/\/sezona.lv\/en\/wp-json\/wp\/v2\/types\/product"}],"wp:featuredmedia":[{"embeddable":true,"href":"https:\/\/sezona.lv\/en\/wp-json\/wp\/v2\/media\/59982"}],"wp:attachment":[{"href":"https:\/\/sezona.lv\/en\/wp-json\/wp\/v2\/media?parent=78716"}],"wp:term":[{"taxonomy":"product_brand","embeddable":true,"href":"https:\/\/sezona.lv\/en\/wp-json\/wp\/v2\/product_brand?post=78716"},{"taxonomy":"product_cat","embeddable":true,"href":"https:\/\/sezona.lv\/en\/wp-json\/wp\/v2\/product_cat?post=78716"},{"taxonomy":"product_tag","embeddable":true,"href":"https:\/\/sezona.lv\/en\/wp-json\/wp\/v2\/product_tag?post=78716"}],"curies":[{"name":"wp","href":"https:\/\/api.w.org\/{rel}","templated":true}]}}