{"id":78726,"date":"2025-07-11T16:45:01","date_gmt":"2025-07-11T13:45:01","guid":{"rendered":"https:\/\/demo8.ecube.lv\/sezona.lv\/products\/atslegu-piekarins-lff-nr-2\/"},"modified":"2025-07-14T15:28:44","modified_gmt":"2025-07-14T12:28:44","slug":"atslegu-piekarins-lff-nr-2","status":"publish","type":"product","link":"https:\/\/sezona.lv\/en\/products\/atslegu-piekarins-lff-nr-2\/","title":{"rendered":"Atsl\u0113gu piekari\u0146\u0161 LFF Nr. 2"},"content":{"rendered":"<p>(plastik\u0101ta)<br \/> Izm\u0113rs: 32&#215;32 mm<\/p>\n","protected":false},"excerpt":{"rendered":"<p>(plastik\u0101ta) Izm\u0113rs: 32&#215;32 mm<\/p>\n","protected":false},"featured_media":70795,"template":"","meta":[],"product_brand":[],"product_cat":[5011,5012,5013],"product_tag":[],"class_list":{"0":"post-78726","1":"product","2":"type-product","3":"status-publish","4":"has-post-thumbnail","6":"product_cat-fans-attributes-sports","7":"product_cat-latvian-football-attributes-fans-attributes-sports","8":"product_cat-key-chains-latvian-football-attributes-fans-attributes-sports","10":"first","11":"instock","12":"shipping-taxable","13":"purchasable","14":"product-type-simple"},"_links":{"self":[{"href":"https:\/\/sezona.lv\/en\/wp-json\/wp\/v2\/product\/78726","targetHints":{"allow":["GET"]}}],"collection":[{"href":"https:\/\/sezona.lv\/en\/wp-json\/wp\/v2\/product"}],"about":[{"href":"https:\/\/sezona.lv\/en\/wp-json\/wp\/v2\/types\/product"}],"wp:featuredmedia":[{"embeddable":true,"href":"https:\/\/sezona.lv\/en\/wp-json\/wp\/v2\/media\/70795"}],"wp:attachment":[{"href":"https:\/\/sezona.lv\/en\/wp-json\/wp\/v2\/media?parent=78726"}],"wp:term":[{"taxonomy":"product_brand","embeddable":true,"href":"https:\/\/sezona.lv\/en\/wp-json\/wp\/v2\/product_brand?post=78726"},{"taxonomy":"product_cat","embeddable":true,"href":"https:\/\/sezona.lv\/en\/wp-json\/wp\/v2\/product_cat?post=78726"},{"taxonomy":"product_tag","embeddable":true,"href":"https:\/\/sezona.lv\/en\/wp-json\/wp\/v2\/product_tag?post=78726"}],"curies":[{"name":"wp","href":"https:\/\/api.w.org\/{rel}","templated":true}]}}