{"id":78727,"date":"2025-07-14T15:28:45","date_gmt":"2025-07-14T12:28:45","guid":{"rendered":"https:\/\/demo8.ecube.lv\/sezona.lv\/products\/atslegu-piekarins-lff-nr-5\/"},"modified":"2025-07-14T15:28:45","modified_gmt":"2025-07-14T12:28:45","slug":"atslegu-piekarins-lff-nr-5","status":"publish","type":"product","link":"https:\/\/sezona.lv\/en\/products\/atslegu-piekarins-lff-nr-5\/","title":{"rendered":"Atsl\u0113gu piekari\u0146\u0161 LFF Nr. 5"},"content":{"rendered":"<p>(met\u0101la, divpus\u0113jais)<br \/> Izm\u0113rs: 30 x 30 mm<\/p>\n","protected":false},"excerpt":{"rendered":"<p>(met\u0101la, divpus\u0113jais) Izm\u0113rs: 30 x 30 mm<\/p>\n","protected":false},"featured_media":0,"template":"","meta":[],"product_brand":[],"product_cat":[4587,5011,5012,5013],"product_tag":[],"class_list":{"0":"post-78727","1":"product","2":"type-product","3":"status-publish","5":"product_cat-sports","6":"product_cat-fans-attributes-sports","7":"product_cat-latvian-football-attributes-fans-attributes-sports","8":"product_cat-key-chains-latvian-football-attributes-fans-attributes-sports","10":"first","11":"instock","12":"shipping-taxable","13":"purchasable","14":"product-type-simple"},"_links":{"self":[{"href":"https:\/\/sezona.lv\/en\/wp-json\/wp\/v2\/product\/78727","targetHints":{"allow":["GET"]}}],"collection":[{"href":"https:\/\/sezona.lv\/en\/wp-json\/wp\/v2\/product"}],"about":[{"href":"https:\/\/sezona.lv\/en\/wp-json\/wp\/v2\/types\/product"}],"wp:attachment":[{"href":"https:\/\/sezona.lv\/en\/wp-json\/wp\/v2\/media?parent=78727"}],"wp:term":[{"taxonomy":"product_brand","embeddable":true,"href":"https:\/\/sezona.lv\/en\/wp-json\/wp\/v2\/product_brand?post=78727"},{"taxonomy":"product_cat","embeddable":true,"href":"https:\/\/sezona.lv\/en\/wp-json\/wp\/v2\/product_cat?post=78727"},{"taxonomy":"product_tag","embeddable":true,"href":"https:\/\/sezona.lv\/en\/wp-json\/wp\/v2\/product_tag?post=78727"}],"curies":[{"name":"wp","href":"https:\/\/api.w.org\/{rel}","templated":true}]}}