{"id":78729,"date":"2025-07-14T15:28:46","date_gmt":"2025-07-14T12:28:46","guid":{"rendered":"https:\/\/demo8.ecube.lv\/sezona.lv\/products\/cepure-ar-nagu-lff-melna\/"},"modified":"2025-07-14T15:28:46","modified_gmt":"2025-07-14T12:28:46","slug":"cepure-ar-nagu-lff-melna","status":"publish","type":"product","link":"https:\/\/sezona.lv\/en\/products\/cepure-ar-nagu-lff-melna\/","title":{"rendered":"Cepure ar nagu LFF (melna)"},"content":{"rendered":"<p>Materi\u0101ls: 83 % akrils, 15 % vilna. 2% elast\u0101ns<br \/> Iz&scaron;\u016bts &#8220;VILKI&#8221;, &#8220;Vilks logo&#8221;, &#8220;11 Vilki&#8221;<br \/> Modelis: 6210<\/p>\n","protected":false},"excerpt":{"rendered":"<p>Materi\u0101ls: 83 % akrils, 15 % vilna. 2% elast\u0101ns Iz&scaron;\u016bts &#8220;VILKI&#8221;, &#8220;Vilks logo&#8221;, &#8220;11 Vilki&#8221; Modelis: 6210<\/p>\n","protected":false},"featured_media":0,"template":"","meta":[],"product_brand":[],"product_cat":[4587,5011,5012,5014],"product_tag":[],"class_list":{"0":"post-78729","1":"product","2":"type-product","3":"status-publish","5":"product_cat-sports","6":"product_cat-fans-attributes-sports","7":"product_cat-latvian-football-attributes-fans-attributes-sports","8":"product_cat-hats-and-caps-latvian-football-attributes-fans-attributes-sports","10":"first","11":"instock","12":"shipping-taxable","13":"purchasable","14":"product-type-simple"},"_links":{"self":[{"href":"https:\/\/sezona.lv\/en\/wp-json\/wp\/v2\/product\/78729","targetHints":{"allow":["GET"]}}],"collection":[{"href":"https:\/\/sezona.lv\/en\/wp-json\/wp\/v2\/product"}],"about":[{"href":"https:\/\/sezona.lv\/en\/wp-json\/wp\/v2\/types\/product"}],"wp:attachment":[{"href":"https:\/\/sezona.lv\/en\/wp-json\/wp\/v2\/media?parent=78729"}],"wp:term":[{"taxonomy":"product_brand","embeddable":true,"href":"https:\/\/sezona.lv\/en\/wp-json\/wp\/v2\/product_brand?post=78729"},{"taxonomy":"product_cat","embeddable":true,"href":"https:\/\/sezona.lv\/en\/wp-json\/wp\/v2\/product_cat?post=78729"},{"taxonomy":"product_tag","embeddable":true,"href":"https:\/\/sezona.lv\/en\/wp-json\/wp\/v2\/product_tag?post=78729"}],"curies":[{"name":"wp","href":"https:\/\/api.w.org\/{rel}","templated":true}]}}