{"id":78733,"date":"2025-07-14T15:28:49","date_gmt":"2025-07-14T12:28:49","guid":{"rendered":"https:\/\/demo8.ecube.lv\/sezona.lv\/products\/aluminija-airi-lote-140\/"},"modified":"2025-07-14T15:28:49","modified_gmt":"2025-07-14T12:28:49","slug":"aluminija-airi-lote-140","status":"publish","type":"product","link":"https:\/\/sezona.lv\/en\/products\/aluminija-airi-lote-140\/","title":{"rendered":"Alum\u012bnija airi Lote 140"},"content":{"rendered":"<p>Alum\u012bnija airi Lote 140.<\/p>\n<p>Der piep\u016b&scaron;amaj\u0101m B un C s\u0113rijas laiv\u0101m LOTE, k\u0101 ar\u012b cit\u0101m laiv\u0101m (Aqua-Star, Aqua-Storm, uc. Ukrain\u0101 ra\u017eot\u0101m laiv\u0101m) ar l\u012bdz\u012bgiem airu stiprin\u0101jumiem.<\/p>\n<p>Garums: 140 cm.<\/p>\n<p>Komplekt\u0101 ir divi airi!<\/p>\n","protected":false},"excerpt":{"rendered":"<p>Alum\u012bnija airi Lote 140. Der piep\u016b&scaron;amaj\u0101m B un C s\u0113rijas laiv\u0101m LOTE, k\u0101 ar\u012b cit\u0101m laiv\u0101m (Aqua-Star, Aqua-Storm, uc. Ukrain\u0101 ra\u017eot\u0101m laiv\u0101m) ar l\u012bdz\u012bgiem airu stiprin\u0101jumiem. Garums: 140 cm. Komplekt\u0101 ir divi airi!<\/p>\n","protected":false},"featured_media":0,"template":"","meta":[],"product_brand":[],"product_cat":[4557,4640,4666],"product_tag":[],"class_list":{"0":"post-78733","1":"product","2":"type-product","3":"status-publish","5":"product_cat-boats-recreation","6":"product_cat-recreation","7":"product_cat-boat-accessories-boats-recreation","9":"first","10":"instock","11":"shipping-taxable","12":"purchasable","13":"product-type-simple"},"_links":{"self":[{"href":"https:\/\/sezona.lv\/en\/wp-json\/wp\/v2\/product\/78733","targetHints":{"allow":["GET"]}}],"collection":[{"href":"https:\/\/sezona.lv\/en\/wp-json\/wp\/v2\/product"}],"about":[{"href":"https:\/\/sezona.lv\/en\/wp-json\/wp\/v2\/types\/product"}],"wp:attachment":[{"href":"https:\/\/sezona.lv\/en\/wp-json\/wp\/v2\/media?parent=78733"}],"wp:term":[{"taxonomy":"product_brand","embeddable":true,"href":"https:\/\/sezona.lv\/en\/wp-json\/wp\/v2\/product_brand?post=78733"},{"taxonomy":"product_cat","embeddable":true,"href":"https:\/\/sezona.lv\/en\/wp-json\/wp\/v2\/product_cat?post=78733"},{"taxonomy":"product_tag","embeddable":true,"href":"https:\/\/sezona.lv\/en\/wp-json\/wp\/v2\/product_tag?post=78733"}],"curies":[{"name":"wp","href":"https:\/\/api.w.org\/{rel}","templated":true}]}}