{"id":78735,"date":"2025-07-14T15:28:51","date_gmt":"2025-07-14T12:28:51","guid":{"rendered":"https:\/\/demo8.ecube.lv\/sezona.lv\/products\/dzemperis-bernu-lff\/"},"modified":"2025-07-14T15:28:51","modified_gmt":"2025-07-14T12:28:51","slug":"dzemperis-bernu-lff","status":"publish","type":"product","link":"https:\/\/sezona.lv\/en\/products\/dzemperis-bernu-lff\/","title":{"rendered":"D\u017eemperis (b\u0113rnu) LFF"},"content":{"rendered":"<p>Iz&scaron;\u016bts uzraksts &#8220;Latvija &#8221; un simboli<br \/> Materi\u0101ls: 50% kokvilna, 50% poliesters<\/p>\n","protected":false},"excerpt":{"rendered":"<p>Iz&scaron;\u016bts uzraksts &#8220;Latvija &#8221; un simboli Materi\u0101ls: 50% kokvilna, 50% poliesters<\/p>\n","protected":false},"featured_media":0,"template":"","meta":[],"product_brand":[],"product_cat":[4587,5011,5012,5015],"product_tag":[],"class_list":{"0":"post-78735","1":"product","2":"type-product","3":"status-publish","5":"product_cat-sports","6":"product_cat-fans-attributes-sports","7":"product_cat-latvian-football-attributes-fans-attributes-sports","8":"product_cat-hoodies-and-jackets-latvian-football-attributes-fans-attributes-sports","10":"first","11":"instock","12":"shipping-taxable","13":"purchasable","14":"product-type-simple"},"_links":{"self":[{"href":"https:\/\/sezona.lv\/en\/wp-json\/wp\/v2\/product\/78735","targetHints":{"allow":["GET"]}}],"collection":[{"href":"https:\/\/sezona.lv\/en\/wp-json\/wp\/v2\/product"}],"about":[{"href":"https:\/\/sezona.lv\/en\/wp-json\/wp\/v2\/types\/product"}],"wp:attachment":[{"href":"https:\/\/sezona.lv\/en\/wp-json\/wp\/v2\/media?parent=78735"}],"wp:term":[{"taxonomy":"product_brand","embeddable":true,"href":"https:\/\/sezona.lv\/en\/wp-json\/wp\/v2\/product_brand?post=78735"},{"taxonomy":"product_cat","embeddable":true,"href":"https:\/\/sezona.lv\/en\/wp-json\/wp\/v2\/product_cat?post=78735"},{"taxonomy":"product_tag","embeddable":true,"href":"https:\/\/sezona.lv\/en\/wp-json\/wp\/v2\/product_tag?post=78735"}],"curies":[{"name":"wp","href":"https:\/\/api.w.org\/{rel}","templated":true}]}}