{"id":78746,"date":"2025-07-11T16:45:32","date_gmt":"2025-07-11T13:45:32","guid":{"rendered":"https:\/\/demo8.ecube.lv\/sezona.lv\/products\/magnets-pudelu-atverejs-lff-nr-2\/"},"modified":"2025-07-14T15:29:04","modified_gmt":"2025-07-14T12:29:04","slug":"magnets-pudelu-atverejs-lff-nr-2","status":"publish","type":"product","link":"https:\/\/sezona.lv\/en\/products\/magnets-pudelu-atverejs-lff-nr-2\/","title":{"rendered":"Magn\u0113ts pude\u013cu atv\u0113r\u0113js LFF Nr. 2"},"content":{"rendered":"<p>Izm\u0113rs: 45&#215;80 mm<\/p>\n","protected":false},"excerpt":{"rendered":"<p>Izm\u0113rs: 45&#215;80 mm<\/p>\n","protected":false},"featured_media":70846,"template":"","meta":[],"product_brand":[],"product_cat":[5011,5012,5016],"product_tag":[],"class_list":{"0":"post-78746","1":"product","2":"type-product","3":"status-publish","4":"has-post-thumbnail","6":"product_cat-fans-attributes-sports","7":"product_cat-latvian-football-attributes-fans-attributes-sports","8":"product_cat-magnets-latvian-football-attributes-fans-attributes-sports","10":"first","11":"instock","12":"shipping-taxable","13":"purchasable","14":"product-type-simple"},"_links":{"self":[{"href":"https:\/\/sezona.lv\/en\/wp-json\/wp\/v2\/product\/78746","targetHints":{"allow":["GET"]}}],"collection":[{"href":"https:\/\/sezona.lv\/en\/wp-json\/wp\/v2\/product"}],"about":[{"href":"https:\/\/sezona.lv\/en\/wp-json\/wp\/v2\/types\/product"}],"wp:featuredmedia":[{"embeddable":true,"href":"https:\/\/sezona.lv\/en\/wp-json\/wp\/v2\/media\/70846"}],"wp:attachment":[{"href":"https:\/\/sezona.lv\/en\/wp-json\/wp\/v2\/media?parent=78746"}],"wp:term":[{"taxonomy":"product_brand","embeddable":true,"href":"https:\/\/sezona.lv\/en\/wp-json\/wp\/v2\/product_brand?post=78746"},{"taxonomy":"product_cat","embeddable":true,"href":"https:\/\/sezona.lv\/en\/wp-json\/wp\/v2\/product_cat?post=78746"},{"taxonomy":"product_tag","embeddable":true,"href":"https:\/\/sezona.lv\/en\/wp-json\/wp\/v2\/product_tag?post=78746"}],"curies":[{"name":"wp","href":"https:\/\/api.w.org\/{rel}","templated":true}]}}