{"id":78778,"date":"2025-07-14T15:29:33","date_gmt":"2025-07-14T12:29:33","guid":{"rendered":"https:\/\/demo8.ecube.lv\/sezona.lv\/products\/jaka-ar-kapuci-balta-sieviesu\/"},"modified":"2025-07-14T15:29:33","modified_gmt":"2025-07-14T12:29:33","slug":"jaka-ar-kapuci-balta-sieviesu","status":"publish","type":"product","link":"https:\/\/sezona.lv\/en\/products\/jaka-ar-kapuci-balta-sieviesu\/","title":{"rendered":"Jaka ar kapuci balta (sievie\u0161u)"},"content":{"rendered":"<p>Iz&scaron;\u016bts Latvijas \u0123erbonis<br \/> 50% kokvilna, 50% poliesters<\/p>\n","protected":false},"excerpt":{"rendered":"<p>Iz&scaron;\u016bts Latvijas \u0123erbonis 50% kokvilna, 50% poliesters<\/p>\n","protected":false},"featured_media":0,"template":"","meta":[],"product_brand":[],"product_cat":[4587,4751,4754,5011],"product_tag":[],"class_list":{"0":"post-78778","1":"product","2":"type-product","3":"status-publish","5":"product_cat-sports","6":"product_cat-latvian-ice-hockey-attributes-fans-attributes","7":"product_cat-casual-wear-latvian-ice-hockey-attributes-fans-attributes","8":"product_cat-fans-attributes-sports","10":"first","11":"instock","12":"shipping-taxable","13":"purchasable","14":"product-type-simple"},"_links":{"self":[{"href":"https:\/\/sezona.lv\/en\/wp-json\/wp\/v2\/product\/78778","targetHints":{"allow":["GET"]}}],"collection":[{"href":"https:\/\/sezona.lv\/en\/wp-json\/wp\/v2\/product"}],"about":[{"href":"https:\/\/sezona.lv\/en\/wp-json\/wp\/v2\/types\/product"}],"wp:attachment":[{"href":"https:\/\/sezona.lv\/en\/wp-json\/wp\/v2\/media?parent=78778"}],"wp:term":[{"taxonomy":"product_brand","embeddable":true,"href":"https:\/\/sezona.lv\/en\/wp-json\/wp\/v2\/product_brand?post=78778"},{"taxonomy":"product_cat","embeddable":true,"href":"https:\/\/sezona.lv\/en\/wp-json\/wp\/v2\/product_cat?post=78778"},{"taxonomy":"product_tag","embeddable":true,"href":"https:\/\/sezona.lv\/en\/wp-json\/wp\/v2\/product_tag?post=78778"}],"curies":[{"name":"wp","href":"https:\/\/api.w.org\/{rel}","templated":true}]}}