{"id":78779,"date":"2025-07-14T15:29:34","date_gmt":"2025-07-14T12:29:34","guid":{"rendered":"https:\/\/demo8.ecube.lv\/sezona.lv\/products\/jaka-ar-kapuci-latvija-viriesu\/"},"modified":"2025-07-14T15:29:34","modified_gmt":"2025-07-14T12:29:34","slug":"jaka-ar-kapuci-latvija-viriesu","status":"publish","type":"product","link":"https:\/\/sezona.lv\/en\/products\/jaka-ar-kapuci-latvija-viriesu\/","title":{"rendered":"Jaka ar kapuci Latvija (v\u012brie\u0161u)"},"content":{"rendered":"<p>Iz&scaron;\u016btais \u0123\u0113rbonis<br \/> 50% kokvilna, 50% poliesters<\/p>\n","protected":false},"excerpt":{"rendered":"<p>Iz&scaron;\u016btais \u0123\u0113rbonis 50% kokvilna, 50% poliesters<\/p>\n","protected":false},"featured_media":0,"template":"","meta":[],"product_brand":[],"product_cat":[4587,4751,4754,5011],"product_tag":[],"class_list":{"0":"post-78779","1":"product","2":"type-product","3":"status-publish","5":"product_cat-sports","6":"product_cat-latvian-ice-hockey-attributes-fans-attributes","7":"product_cat-casual-wear-latvian-ice-hockey-attributes-fans-attributes","8":"product_cat-fans-attributes-sports","10":"first","11":"instock","12":"shipping-taxable","13":"purchasable","14":"product-type-simple"},"_links":{"self":[{"href":"https:\/\/sezona.lv\/en\/wp-json\/wp\/v2\/product\/78779","targetHints":{"allow":["GET"]}}],"collection":[{"href":"https:\/\/sezona.lv\/en\/wp-json\/wp\/v2\/product"}],"about":[{"href":"https:\/\/sezona.lv\/en\/wp-json\/wp\/v2\/types\/product"}],"wp:attachment":[{"href":"https:\/\/sezona.lv\/en\/wp-json\/wp\/v2\/media?parent=78779"}],"wp:term":[{"taxonomy":"product_brand","embeddable":true,"href":"https:\/\/sezona.lv\/en\/wp-json\/wp\/v2\/product_brand?post=78779"},{"taxonomy":"product_cat","embeddable":true,"href":"https:\/\/sezona.lv\/en\/wp-json\/wp\/v2\/product_cat?post=78779"},{"taxonomy":"product_tag","embeddable":true,"href":"https:\/\/sezona.lv\/en\/wp-json\/wp\/v2\/product_tag?post=78779"}],"curies":[{"name":"wp","href":"https:\/\/api.w.org\/{rel}","templated":true}]}}