{"id":78782,"date":"2025-07-14T15:29:36","date_gmt":"2025-07-14T12:29:36","guid":{"rendered":"https:\/\/demo8.ecube.lv\/sezona.lv\/products\/dzemperis-latvija-zils\/"},"modified":"2025-07-14T15:29:36","modified_gmt":"2025-07-14T12:29:36","slug":"dzemperis-latvija-zils","status":"publish","type":"product","link":"https:\/\/sezona.lv\/en\/products\/dzemperis-latvija-zils\/","title":{"rendered":"D\u017eemperis Latvija (zils)"},"content":{"rendered":"<p>Iz&scaron;\u016btais \u0123\u0113rbonis<br \/> 50% kokvilna, 50% poliesters<\/p>\n","protected":false},"excerpt":{"rendered":"<p>Iz&scaron;\u016btais \u0123\u0113rbonis 50% kokvilna, 50% poliesters<\/p>\n","protected":false},"featured_media":0,"template":"","meta":[],"product_brand":[],"product_cat":[4587,4751,4754,5011],"product_tag":[],"class_list":{"0":"post-78782","1":"product","2":"type-product","3":"status-publish","5":"product_cat-sports","6":"product_cat-latvian-ice-hockey-attributes-fans-attributes","7":"product_cat-casual-wear-latvian-ice-hockey-attributes-fans-attributes","8":"product_cat-fans-attributes-sports","10":"first","11":"instock","12":"shipping-taxable","13":"purchasable","14":"product-type-simple"},"_links":{"self":[{"href":"https:\/\/sezona.lv\/en\/wp-json\/wp\/v2\/product\/78782","targetHints":{"allow":["GET"]}}],"collection":[{"href":"https:\/\/sezona.lv\/en\/wp-json\/wp\/v2\/product"}],"about":[{"href":"https:\/\/sezona.lv\/en\/wp-json\/wp\/v2\/types\/product"}],"wp:attachment":[{"href":"https:\/\/sezona.lv\/en\/wp-json\/wp\/v2\/media?parent=78782"}],"wp:term":[{"taxonomy":"product_brand","embeddable":true,"href":"https:\/\/sezona.lv\/en\/wp-json\/wp\/v2\/product_brand?post=78782"},{"taxonomy":"product_cat","embeddable":true,"href":"https:\/\/sezona.lv\/en\/wp-json\/wp\/v2\/product_cat?post=78782"},{"taxonomy":"product_tag","embeddable":true,"href":"https:\/\/sezona.lv\/en\/wp-json\/wp\/v2\/product_tag?post=78782"}],"curies":[{"name":"wp","href":"https:\/\/api.w.org\/{rel}","templated":true}]}}