{"id":78812,"date":"2025-07-11T16:46:43","date_gmt":"2025-07-11T13:46:43","guid":{"rendered":"https:\/\/demo8.ecube.lv\/sezona.lv\/products\/piespraude-latvijas-gerbonis-peleks\/"},"modified":"2025-07-14T15:30:01","modified_gmt":"2025-07-14T12:30:01","slug":"piespraude-latvijas-gerbonis-peleks","status":"publish","type":"product","link":"https:\/\/sezona.lv\/en\/products\/piespraude-latvijas-gerbonis-peleks\/","title":{"rendered":"Piespraude Latvijas \u0123erbonis (pel\u0113ks)"},"content":{"rendered":"<p>Izm\u0113rs: 30&#215;25 mm<\/p>\n","protected":false},"excerpt":{"rendered":"<p>Izm\u0113rs: 30&#215;25 mm<\/p>\n","protected":false},"featured_media":70891,"template":"","meta":[],"product_brand":[],"product_cat":[5011,5022],"product_tag":[],"class_list":{"0":"post-78812","1":"product","2":"type-product","3":"status-publish","4":"has-post-thumbnail","6":"product_cat-fans-attributes-sports","7":"product_cat---fans-attributes-sports","9":"first","10":"instock","11":"shipping-taxable","12":"purchasable","13":"product-type-simple"},"_links":{"self":[{"href":"https:\/\/sezona.lv\/en\/wp-json\/wp\/v2\/product\/78812","targetHints":{"allow":["GET"]}}],"collection":[{"href":"https:\/\/sezona.lv\/en\/wp-json\/wp\/v2\/product"}],"about":[{"href":"https:\/\/sezona.lv\/en\/wp-json\/wp\/v2\/types\/product"}],"wp:featuredmedia":[{"embeddable":true,"href":"https:\/\/sezona.lv\/en\/wp-json\/wp\/v2\/media\/70891"}],"wp:attachment":[{"href":"https:\/\/sezona.lv\/en\/wp-json\/wp\/v2\/media?parent=78812"}],"wp:term":[{"taxonomy":"product_brand","embeddable":true,"href":"https:\/\/sezona.lv\/en\/wp-json\/wp\/v2\/product_brand?post=78812"},{"taxonomy":"product_cat","embeddable":true,"href":"https:\/\/sezona.lv\/en\/wp-json\/wp\/v2\/product_cat?post=78812"},{"taxonomy":"product_tag","embeddable":true,"href":"https:\/\/sezona.lv\/en\/wp-json\/wp\/v2\/product_tag?post=78812"}],"curies":[{"name":"wp","href":"https:\/\/api.w.org\/{rel}","templated":true}]}}