{"id":78822,"date":"2025-07-11T16:46:53","date_gmt":"2025-07-11T13:46:53","guid":{"rendered":"https:\/\/demo8.ecube.lv\/sezona.lv\/products\/magnets-m-07-riga-ar-1-lauvu\/"},"modified":"2025-07-14T15:30:17","modified_gmt":"2025-07-14T12:30:17","slug":"magnets-m-07-riga-ar-1-lauvu","status":"publish","type":"product","link":"https:\/\/sezona.lv\/en\/products\/magnets-m-07-riga-ar-1-lauvu\/","title":{"rendered":"Magn\u0113ts M-07 R\u012bga ar 1 lauvu"},"content":{"rendered":"<p>Izm\u0113rs: 60&#215;45 mm<\/p>\n","protected":false},"excerpt":{"rendered":"<p>Izm\u0113rs: 60&#215;45 mm<\/p>\n","protected":false},"featured_media":70921,"template":"","meta":[],"product_brand":[],"product_cat":[5011,5022],"product_tag":[],"class_list":{"0":"post-78822","1":"product","2":"type-product","3":"status-publish","4":"has-post-thumbnail","6":"product_cat-fans-attributes-sports","7":"product_cat---fans-attributes-sports","9":"first","10":"instock","11":"shipping-taxable","12":"purchasable","13":"product-type-simple"},"_links":{"self":[{"href":"https:\/\/sezona.lv\/en\/wp-json\/wp\/v2\/product\/78822","targetHints":{"allow":["GET"]}}],"collection":[{"href":"https:\/\/sezona.lv\/en\/wp-json\/wp\/v2\/product"}],"about":[{"href":"https:\/\/sezona.lv\/en\/wp-json\/wp\/v2\/types\/product"}],"wp:featuredmedia":[{"embeddable":true,"href":"https:\/\/sezona.lv\/en\/wp-json\/wp\/v2\/media\/70921"}],"wp:attachment":[{"href":"https:\/\/sezona.lv\/en\/wp-json\/wp\/v2\/media?parent=78822"}],"wp:term":[{"taxonomy":"product_brand","embeddable":true,"href":"https:\/\/sezona.lv\/en\/wp-json\/wp\/v2\/product_brand?post=78822"},{"taxonomy":"product_cat","embeddable":true,"href":"https:\/\/sezona.lv\/en\/wp-json\/wp\/v2\/product_cat?post=78822"},{"taxonomy":"product_tag","embeddable":true,"href":"https:\/\/sezona.lv\/en\/wp-json\/wp\/v2\/product_tag?post=78822"}],"curies":[{"name":"wp","href":"https:\/\/api.w.org\/{rel}","templated":true}]}}