{"id":78834,"date":"2025-07-11T16:47:08","date_gmt":"2025-07-11T13:47:08","guid":{"rendered":"https:\/\/demo8.ecube.lv\/sezona.lv\/products\/magnets-m-25-kuldiga\/"},"modified":"2025-07-14T15:30:31","modified_gmt":"2025-07-14T12:30:31","slug":"magnets-m-25-kuldiga","status":"publish","type":"product","link":"https:\/\/sezona.lv\/en\/products\/magnets-m-25-kuldiga\/","title":{"rendered":"Magn\u0113ts M-25 Kuld\u012bga"},"content":{"rendered":"<p>Izm\u0113rs: 60&#215;45 mm<\/p>\n","protected":false},"excerpt":{"rendered":"<p>Izm\u0113rs: 60&#215;45 mm<\/p>\n","protected":false},"featured_media":70957,"template":"","meta":[],"product_brand":[],"product_cat":[5011,5022],"product_tag":[],"class_list":{"0":"post-78834","1":"product","2":"type-product","3":"status-publish","4":"has-post-thumbnail","6":"product_cat-fans-attributes-sports","7":"product_cat---fans-attributes-sports","9":"first","10":"instock","11":"shipping-taxable","12":"purchasable","13":"product-type-simple"},"_links":{"self":[{"href":"https:\/\/sezona.lv\/en\/wp-json\/wp\/v2\/product\/78834","targetHints":{"allow":["GET"]}}],"collection":[{"href":"https:\/\/sezona.lv\/en\/wp-json\/wp\/v2\/product"}],"about":[{"href":"https:\/\/sezona.lv\/en\/wp-json\/wp\/v2\/types\/product"}],"wp:featuredmedia":[{"embeddable":true,"href":"https:\/\/sezona.lv\/en\/wp-json\/wp\/v2\/media\/70957"}],"wp:attachment":[{"href":"https:\/\/sezona.lv\/en\/wp-json\/wp\/v2\/media?parent=78834"}],"wp:term":[{"taxonomy":"product_brand","embeddable":true,"href":"https:\/\/sezona.lv\/en\/wp-json\/wp\/v2\/product_brand?post=78834"},{"taxonomy":"product_cat","embeddable":true,"href":"https:\/\/sezona.lv\/en\/wp-json\/wp\/v2\/product_cat?post=78834"},{"taxonomy":"product_tag","embeddable":true,"href":"https:\/\/sezona.lv\/en\/wp-json\/wp\/v2\/product_tag?post=78834"}],"curies":[{"name":"wp","href":"https:\/\/api.w.org\/{rel}","templated":true}]}}