{"id":78848,"date":"2025-07-14T15:30:45","date_gmt":"2025-07-14T12:30:45","guid":{"rendered":"https:\/\/demo8.ecube.lv\/sezona.lv\/products\/magnets-plastikata-latvija-65x65mm\/"},"modified":"2025-07-14T15:30:45","modified_gmt":"2025-07-14T12:30:45","slug":"magnets-plastikata-latvija-65x65mm","status":"publish","type":"product","link":"https:\/\/sezona.lv\/en\/products\/magnets-plastikata-latvija-65x65mm\/","title":{"rendered":"Magn\u0113ts plastik\u0101ta Latvija 65x65mm"},"content":{"rendered":"<p>Plastik\u0101ta<\/p>\n","protected":false},"excerpt":{"rendered":"<p>Plastik\u0101ta<\/p>\n","protected":false},"featured_media":0,"template":"","meta":[],"product_brand":[],"product_cat":[4587,5011,5022],"product_tag":[],"class_list":{"0":"post-78848","1":"product","2":"type-product","3":"status-publish","5":"product_cat-sports","6":"product_cat-fans-attributes-sports","7":"product_cat---fans-attributes-sports","9":"first","10":"instock","11":"shipping-taxable","12":"purchasable","13":"product-type-simple"},"_links":{"self":[{"href":"https:\/\/sezona.lv\/en\/wp-json\/wp\/v2\/product\/78848","targetHints":{"allow":["GET"]}}],"collection":[{"href":"https:\/\/sezona.lv\/en\/wp-json\/wp\/v2\/product"}],"about":[{"href":"https:\/\/sezona.lv\/en\/wp-json\/wp\/v2\/types\/product"}],"wp:attachment":[{"href":"https:\/\/sezona.lv\/en\/wp-json\/wp\/v2\/media?parent=78848"}],"wp:term":[{"taxonomy":"product_brand","embeddable":true,"href":"https:\/\/sezona.lv\/en\/wp-json\/wp\/v2\/product_brand?post=78848"},{"taxonomy":"product_cat","embeddable":true,"href":"https:\/\/sezona.lv\/en\/wp-json\/wp\/v2\/product_cat?post=78848"},{"taxonomy":"product_tag","embeddable":true,"href":"https:\/\/sezona.lv\/en\/wp-json\/wp\/v2\/product_tag?post=78848"}],"curies":[{"name":"wp","href":"https:\/\/api.w.org\/{rel}","templated":true}]}}