{"id":78850,"date":"2025-07-11T16:47:26","date_gmt":"2025-07-11T13:47:26","guid":{"rendered":"https:\/\/demo8.ecube.lv\/sezona.lv\/products\/atslegu-piekarins-ripa-lv01\/"},"modified":"2025-07-14T15:30:47","modified_gmt":"2025-07-14T12:30:47","slug":"atslegu-piekarins-ripa-lv01","status":"publish","type":"product","link":"https:\/\/sezona.lv\/en\/products\/atslegu-piekarins-ripa-lv01\/","title":{"rendered":"Atsl\u0113gu piekari\u0146\u0161 ripa LV01"},"content":{"rendered":"<p>Diametrs: 38 mm<\/p>\n","protected":false},"excerpt":{"rendered":"<p>Diametrs: 38 mm<\/p>\n","protected":false},"featured_media":70999,"template":"","meta":[],"product_brand":[],"product_cat":[5011,5022],"product_tag":[],"class_list":{"0":"post-78850","1":"product","2":"type-product","3":"status-publish","4":"has-post-thumbnail","6":"product_cat-fans-attributes-sports","7":"product_cat---fans-attributes-sports","9":"first","10":"instock","11":"shipping-taxable","12":"purchasable","13":"product-type-simple"},"_links":{"self":[{"href":"https:\/\/sezona.lv\/en\/wp-json\/wp\/v2\/product\/78850","targetHints":{"allow":["GET"]}}],"collection":[{"href":"https:\/\/sezona.lv\/en\/wp-json\/wp\/v2\/product"}],"about":[{"href":"https:\/\/sezona.lv\/en\/wp-json\/wp\/v2\/types\/product"}],"wp:featuredmedia":[{"embeddable":true,"href":"https:\/\/sezona.lv\/en\/wp-json\/wp\/v2\/media\/70999"}],"wp:attachment":[{"href":"https:\/\/sezona.lv\/en\/wp-json\/wp\/v2\/media?parent=78850"}],"wp:term":[{"taxonomy":"product_brand","embeddable":true,"href":"https:\/\/sezona.lv\/en\/wp-json\/wp\/v2\/product_brand?post=78850"},{"taxonomy":"product_cat","embeddable":true,"href":"https:\/\/sezona.lv\/en\/wp-json\/wp\/v2\/product_cat?post=78850"},{"taxonomy":"product_tag","embeddable":true,"href":"https:\/\/sezona.lv\/en\/wp-json\/wp\/v2\/product_tag?post=78850"}],"curies":[{"name":"wp","href":"https:\/\/api.w.org\/{rel}","templated":true}]}}