{"id":78853,"date":"2025-07-14T15:30:50","date_gmt":"2025-07-14T12:30:50","guid":{"rendered":"https:\/\/demo8.ecube.lv\/sezona.lv\/products\/atslegu-piekarins-ripa-lv05\/"},"modified":"2025-07-14T15:30:50","modified_gmt":"2025-07-14T12:30:50","slug":"atslegu-piekarins-ripa-lv05","status":"publish","type":"product","link":"https:\/\/sezona.lv\/en\/products\/atslegu-piekarins-ripa-lv05\/","title":{"rendered":"Atsl\u0113gu piekari\u0146\u0161 ripa LV05"},"content":{"rendered":"<p>Diametrs: 38 mm<\/p>\n","protected":false},"excerpt":{"rendered":"<p>Diametrs: 38 mm<\/p>\n","protected":false},"featured_media":0,"template":"","meta":[],"product_brand":[],"product_cat":[4587,5011,5022],"product_tag":[],"class_list":{"0":"post-78853","1":"product","2":"type-product","3":"status-publish","5":"product_cat-sports","6":"product_cat-fans-attributes-sports","7":"product_cat---fans-attributes-sports","9":"first","10":"instock","11":"shipping-taxable","12":"purchasable","13":"product-type-simple"},"_links":{"self":[{"href":"https:\/\/sezona.lv\/en\/wp-json\/wp\/v2\/product\/78853","targetHints":{"allow":["GET"]}}],"collection":[{"href":"https:\/\/sezona.lv\/en\/wp-json\/wp\/v2\/product"}],"about":[{"href":"https:\/\/sezona.lv\/en\/wp-json\/wp\/v2\/types\/product"}],"wp:attachment":[{"href":"https:\/\/sezona.lv\/en\/wp-json\/wp\/v2\/media?parent=78853"}],"wp:term":[{"taxonomy":"product_brand","embeddable":true,"href":"https:\/\/sezona.lv\/en\/wp-json\/wp\/v2\/product_brand?post=78853"},{"taxonomy":"product_cat","embeddable":true,"href":"https:\/\/sezona.lv\/en\/wp-json\/wp\/v2\/product_cat?post=78853"},{"taxonomy":"product_tag","embeddable":true,"href":"https:\/\/sezona.lv\/en\/wp-json\/wp\/v2\/product_tag?post=78853"}],"curies":[{"name":"wp","href":"https:\/\/api.w.org\/{rel}","templated":true}]}}