{"id":78858,"date":"2025-07-14T15:30:54","date_gmt":"2025-07-14T12:30:54","guid":{"rendered":"https:\/\/demo8.ecube.lv\/sezona.lv\/products\/magnets-pudelu-atverejs-latvija\/"},"modified":"2025-07-14T15:30:54","modified_gmt":"2025-07-14T12:30:54","slug":"magnets-pudelu-atverejs-latvija","status":"publish","type":"product","link":"https:\/\/sezona.lv\/en\/products\/magnets-pudelu-atverejs-latvija\/","title":{"rendered":"Magn\u0113ts pude\u013cu atv\u0113r\u0113js Latvija"},"content":{"rendered":"<p>Izm\u0113rs: 45&#215;80 mm<\/p>\n","protected":false},"excerpt":{"rendered":"<p>Izm\u0113rs: 45&#215;80 mm<\/p>\n","protected":false},"featured_media":0,"template":"","meta":[],"product_brand":[],"product_cat":[4587,5011,5022],"product_tag":[],"class_list":{"0":"post-78858","1":"product","2":"type-product","3":"status-publish","5":"product_cat-sports","6":"product_cat-fans-attributes-sports","7":"product_cat---fans-attributes-sports","9":"first","10":"instock","11":"shipping-taxable","12":"purchasable","13":"product-type-simple"},"_links":{"self":[{"href":"https:\/\/sezona.lv\/en\/wp-json\/wp\/v2\/product\/78858","targetHints":{"allow":["GET"]}}],"collection":[{"href":"https:\/\/sezona.lv\/en\/wp-json\/wp\/v2\/product"}],"about":[{"href":"https:\/\/sezona.lv\/en\/wp-json\/wp\/v2\/types\/product"}],"wp:attachment":[{"href":"https:\/\/sezona.lv\/en\/wp-json\/wp\/v2\/media?parent=78858"}],"wp:term":[{"taxonomy":"product_brand","embeddable":true,"href":"https:\/\/sezona.lv\/en\/wp-json\/wp\/v2\/product_brand?post=78858"},{"taxonomy":"product_cat","embeddable":true,"href":"https:\/\/sezona.lv\/en\/wp-json\/wp\/v2\/product_cat?post=78858"},{"taxonomy":"product_tag","embeddable":true,"href":"https:\/\/sezona.lv\/en\/wp-json\/wp\/v2\/product_tag?post=78858"}],"curies":[{"name":"wp","href":"https:\/\/api.w.org\/{rel}","templated":true}]}}