{"id":78859,"date":"2025-07-14T15:30:55","date_gmt":"2025-07-14T12:30:55","guid":{"rendered":"https:\/\/demo8.ecube.lv\/sezona.lv\/products\/nozimite-lv100-20x10-mm\/"},"modified":"2025-07-14T15:30:55","modified_gmt":"2025-07-14T12:30:55","slug":"nozimite-lv100-20x10-mm","status":"publish","type":"product","link":"https:\/\/sezona.lv\/en\/products\/nozimite-lv100-20x10-mm\/","title":{"rendered":"Noz\u012bm\u012bte LV100 20&#215;10 mm"},"content":{"rendered":"<p>Izm\u0113rs: 20&#215;10 mm (met\u0101la)<\/p>\n","protected":false},"excerpt":{"rendered":"<p>Izm\u0113rs: 20&#215;10 mm (met\u0101la)<\/p>\n","protected":false},"featured_media":0,"template":"","meta":[],"product_brand":[],"product_cat":[4587,5011,5022],"product_tag":[],"class_list":{"0":"post-78859","1":"product","2":"type-product","3":"status-publish","5":"product_cat-sports","6":"product_cat-fans-attributes-sports","7":"product_cat---fans-attributes-sports","9":"first","10":"instock","11":"shipping-taxable","12":"purchasable","13":"product-type-simple"},"_links":{"self":[{"href":"https:\/\/sezona.lv\/en\/wp-json\/wp\/v2\/product\/78859","targetHints":{"allow":["GET"]}}],"collection":[{"href":"https:\/\/sezona.lv\/en\/wp-json\/wp\/v2\/product"}],"about":[{"href":"https:\/\/sezona.lv\/en\/wp-json\/wp\/v2\/types\/product"}],"wp:attachment":[{"href":"https:\/\/sezona.lv\/en\/wp-json\/wp\/v2\/media?parent=78859"}],"wp:term":[{"taxonomy":"product_brand","embeddable":true,"href":"https:\/\/sezona.lv\/en\/wp-json\/wp\/v2\/product_brand?post=78859"},{"taxonomy":"product_cat","embeddable":true,"href":"https:\/\/sezona.lv\/en\/wp-json\/wp\/v2\/product_cat?post=78859"},{"taxonomy":"product_tag","embeddable":true,"href":"https:\/\/sezona.lv\/en\/wp-json\/wp\/v2\/product_tag?post=78859"}],"curies":[{"name":"wp","href":"https:\/\/api.w.org\/{rel}","templated":true}]}}