{"id":78863,"date":"2025-07-14T15:30:59","date_gmt":"2025-07-14T12:30:59","guid":{"rendered":"https:\/\/demo8.ecube.lv\/sezona.lv\/products\/christopeit-smagumi-rokam-kajam-0-5-kg-kompl\/"},"modified":"2025-07-14T15:30:59","modified_gmt":"2025-07-14T12:30:59","slug":"christopeit-smagumi-rokam-kajam-0-5-kg-kompl","status":"publish","type":"product","link":"https:\/\/sezona.lv\/en\/products\/christopeit-smagumi-rokam-kajam-0-5-kg-kompl\/","title":{"rendered":"Christopeit Smagumi rok\u0101m\/k\u0101j\u0101m, 0,5 kg kompl."},"content":{"rendered":"<div class=\"tab-content\">\n<div id=\"item_description\" class=\"tab active\">Regul\u0113jams apk\u0101rtm\u0113rs. Izgatavots no m\u012bksta materi\u0101la. Komplekt\u0101 2gab.<\/div>\n<\/div>\n","protected":false},"excerpt":{"rendered":"<p>Regul\u0113jams apk\u0101rtm\u0113rs. Izgatavots no m\u012bksta materi\u0101la. Komplekt\u0101 2gab.<\/p>\n","protected":false},"featured_media":0,"template":"","meta":[],"product_brand":[897],"product_cat":[4587,4599,4614],"product_tag":[],"class_list":{"0":"post-78863","1":"product","2":"type-product","3":"status-publish","5":"product_brand-christopeit","6":"product_cat-sports","7":"product_cat-fitness-2-sports","8":"product_cat-fitness-accessories-fitness-2-sports","10":"first","11":"instock","12":"shipping-taxable","13":"purchasable","14":"product-type-simple"},"_links":{"self":[{"href":"https:\/\/sezona.lv\/en\/wp-json\/wp\/v2\/product\/78863","targetHints":{"allow":["GET"]}}],"collection":[{"href":"https:\/\/sezona.lv\/en\/wp-json\/wp\/v2\/product"}],"about":[{"href":"https:\/\/sezona.lv\/en\/wp-json\/wp\/v2\/types\/product"}],"wp:attachment":[{"href":"https:\/\/sezona.lv\/en\/wp-json\/wp\/v2\/media?parent=78863"}],"wp:term":[{"taxonomy":"product_brand","embeddable":true,"href":"https:\/\/sezona.lv\/en\/wp-json\/wp\/v2\/product_brand?post=78863"},{"taxonomy":"product_cat","embeddable":true,"href":"https:\/\/sezona.lv\/en\/wp-json\/wp\/v2\/product_cat?post=78863"},{"taxonomy":"product_tag","embeddable":true,"href":"https:\/\/sezona.lv\/en\/wp-json\/wp\/v2\/product_tag?post=78863"}],"curies":[{"name":"wp","href":"https:\/\/api.w.org\/{rel}","templated":true}]}}