{"id":78865,"date":"2025-07-11T16:47:44","date_gmt":"2025-07-11T13:47:44","guid":{"rendered":"https:\/\/demo8.ecube.lv\/sezona.lv\/products\/christopeit-treninu-cimdi-izmers-m\/"},"modified":"2025-07-14T15:31:02","modified_gmt":"2025-07-14T12:31:02","slug":"christopeit-treninu-cimdi-izmers-m","status":"publish","type":"product","link":"https:\/\/sezona.lv\/en\/products\/christopeit-treninu-cimdi-izmers-m\/","title":{"rendered":"Christopeit Treni\u0146u cimdi, izm\u0113rs M"},"content":{"rendered":"<div class=\"tab-content\">\n<div id=\"item_description\" class=\"tab active\">Ide\u0101li piem\u0113rots z\u0101le, rite\u0146brauk&scaron;anai vai m\u0101jas treni\u0146iem<br \/>Materi\u0101ls: neoprene \/ neilons<br \/>Extra pastiprin\u0101jums no iek&scaron;puses<\/div>\n<\/div>\n","protected":false},"excerpt":{"rendered":"<p>Ide\u0101li piem\u0113rots z\u0101le, rite\u0146brauk&scaron;anai vai m\u0101jas treni\u0146iemMateri\u0101ls: neoprene \/ neilonsExtra pastiprin\u0101jums no iek&scaron;puses<\/p>\n","protected":false},"featured_media":71008,"template":"","meta":[],"product_brand":[897],"product_cat":[4599,4614],"product_tag":[],"class_list":{"0":"post-78865","1":"product","2":"type-product","3":"status-publish","4":"has-post-thumbnail","6":"product_brand-christopeit","7":"product_cat-fitness-2-sports","8":"product_cat-fitness-accessories-fitness-2-sports","10":"first","11":"instock","12":"shipping-taxable","13":"purchasable","14":"product-type-simple"},"_links":{"self":[{"href":"https:\/\/sezona.lv\/en\/wp-json\/wp\/v2\/product\/78865","targetHints":{"allow":["GET"]}}],"collection":[{"href":"https:\/\/sezona.lv\/en\/wp-json\/wp\/v2\/product"}],"about":[{"href":"https:\/\/sezona.lv\/en\/wp-json\/wp\/v2\/types\/product"}],"wp:featuredmedia":[{"embeddable":true,"href":"https:\/\/sezona.lv\/en\/wp-json\/wp\/v2\/media\/71008"}],"wp:attachment":[{"href":"https:\/\/sezona.lv\/en\/wp-json\/wp\/v2\/media?parent=78865"}],"wp:term":[{"taxonomy":"product_brand","embeddable":true,"href":"https:\/\/sezona.lv\/en\/wp-json\/wp\/v2\/product_brand?post=78865"},{"taxonomy":"product_cat","embeddable":true,"href":"https:\/\/sezona.lv\/en\/wp-json\/wp\/v2\/product_cat?post=78865"},{"taxonomy":"product_tag","embeddable":true,"href":"https:\/\/sezona.lv\/en\/wp-json\/wp\/v2\/product_tag?post=78865"}],"curies":[{"name":"wp","href":"https:\/\/api.w.org\/{rel}","templated":true}]}}