{"id":78866,"date":"2025-07-14T15:31:04","date_gmt":"2025-07-14T12:31:04","guid":{"rendered":"https:\/\/demo8.ecube.lv\/sezona.lv\/products\/christopeit-sling-treninu-sistema\/"},"modified":"2025-07-14T15:31:04","modified_gmt":"2025-07-14T12:31:04","slug":"christopeit-sling-treninu-sistema","status":"publish","type":"product","link":"https:\/\/sezona.lv\/en\/products\/christopeit-sling-treninu-sistema\/","title":{"rendered":"Christopeit Sling treni\u0146u sist\u0113ma"},"content":{"rendered":"<div class=\"tab-content\">\n<div id=\"item_description\" class=\"tab active\">Nodarbina visas musku\u013cu grupas<br \/> Da\u017e\u0101di slodzes l\u012bme\u0146i<br \/> Piel\u0101gojams pla&scaron;ai vingrojumu vari\u0101cijai<br \/> Pa\u0101trina vielmai\u0146u<br \/> Piem\u0113rots musku\u013cu audz\u0113&scaron;anai un uztur\u0113&scaron;anai<br \/> Viegli uzst\u0101d\u0101ms bez instrumentu nepiecie&scaron;am\u012bbas<\/div>\n<\/div>\n","protected":false},"excerpt":{"rendered":"<p>Nodarbina visas musku\u013cu grupas Da\u017e\u0101di slodzes l\u012bme\u0146i Piel\u0101gojams pla&scaron;ai vingrojumu vari\u0101cijai Pa\u0101trina vielmai\u0146u Piem\u0113rots musku\u013cu audz\u0113&scaron;anai un uztur\u0113&scaron;anai Viegli uzst\u0101d\u0101ms bez instrumentu nepiecie&scaron;am\u012bbas<\/p>\n","protected":false},"featured_media":0,"template":"","meta":[],"product_brand":[897],"product_cat":[4587,4599,4614],"product_tag":[],"class_list":{"0":"post-78866","1":"product","2":"type-product","3":"status-publish","5":"product_brand-christopeit","6":"product_cat-sports","7":"product_cat-fitness-2-sports","8":"product_cat-fitness-accessories-fitness-2-sports","10":"first","11":"instock","12":"shipping-taxable","13":"purchasable","14":"product-type-simple"},"_links":{"self":[{"href":"https:\/\/sezona.lv\/en\/wp-json\/wp\/v2\/product\/78866","targetHints":{"allow":["GET"]}}],"collection":[{"href":"https:\/\/sezona.lv\/en\/wp-json\/wp\/v2\/product"}],"about":[{"href":"https:\/\/sezona.lv\/en\/wp-json\/wp\/v2\/types\/product"}],"wp:attachment":[{"href":"https:\/\/sezona.lv\/en\/wp-json\/wp\/v2\/media?parent=78866"}],"wp:term":[{"taxonomy":"product_brand","embeddable":true,"href":"https:\/\/sezona.lv\/en\/wp-json\/wp\/v2\/product_brand?post=78866"},{"taxonomy":"product_cat","embeddable":true,"href":"https:\/\/sezona.lv\/en\/wp-json\/wp\/v2\/product_cat?post=78866"},{"taxonomy":"product_tag","embeddable":true,"href":"https:\/\/sezona.lv\/en\/wp-json\/wp\/v2\/product_tag?post=78866"}],"curies":[{"name":"wp","href":"https:\/\/api.w.org\/{rel}","templated":true}]}}