{"id":78867,"date":"2025-07-14T15:31:05","date_gmt":"2025-07-14T12:31:05","guid":{"rendered":"https:\/\/demo8.ecube.lv\/sezona.lv\/products\/christopeit-ab-fitnesa-rullis-vedera-preses-trenazieris\/"},"modified":"2025-07-14T15:31:05","modified_gmt":"2025-07-14T12:31:05","slug":"christopeit-ab-fitnesa-rullis-vedera-preses-trenazieris","status":"publish","type":"product","link":"https:\/\/sezona.lv\/en\/products\/christopeit-ab-fitnesa-rullis-vedera-preses-trenazieris\/","title":{"rendered":"Christopeit AB Fitnesa rullis, (v\u0113dera preses trena\u017eieris)"},"content":{"rendered":"<div class=\"tab-content\">\n<div id=\"item_description\" class=\"tab active\">\n<p>Nostiprina visu \u0137erme\u0146a aug&scaron;da\u013cas musku\u013cus<\/p>\n<p>Uzlabo v\u0113dera muskulat\u016bru. Iedarbojas uz roku, k\u0101ju, gurnu un plecu muskulat\u016bras tonusu.<\/p>\n<p>Iztur\u012bgs dizains ar ergonomiskiem rokturiem<br \/>Ru\u013c\u013ca diametrs: 18,5 cm<br \/>Svars: 0.51 kg<br \/>Max Lietot\u0101ja svars: 100 kg<\/p>\n<\/div>\n<\/div>\n","protected":false},"excerpt":{"rendered":"<p>Nostiprina visu \u0137erme\u0146a aug&scaron;da\u013cas musku\u013cus Uzlabo v\u0113dera muskulat\u016bru. Iedarbojas uz roku, k\u0101ju, gurnu un plecu muskulat\u016bras tonusu. Iztur\u012bgs dizains ar ergonomiskiem rokturiemRu\u013c\u013ca diametrs: 18,5 cmSvars: 0.51 kgMax Lietot\u0101ja svars: 100 kg<\/p>\n","protected":false},"featured_media":0,"template":"","meta":[],"product_brand":[897],"product_cat":[4587,4599,4614],"product_tag":[],"class_list":{"0":"post-78867","1":"product","2":"type-product","3":"status-publish","5":"product_brand-christopeit","6":"product_cat-sports","7":"product_cat-fitness-2-sports","8":"product_cat-fitness-accessories-fitness-2-sports","10":"first","11":"instock","12":"shipping-taxable","13":"purchasable","14":"product-type-simple"},"_links":{"self":[{"href":"https:\/\/sezona.lv\/en\/wp-json\/wp\/v2\/product\/78867","targetHints":{"allow":["GET"]}}],"collection":[{"href":"https:\/\/sezona.lv\/en\/wp-json\/wp\/v2\/product"}],"about":[{"href":"https:\/\/sezona.lv\/en\/wp-json\/wp\/v2\/types\/product"}],"wp:attachment":[{"href":"https:\/\/sezona.lv\/en\/wp-json\/wp\/v2\/media?parent=78867"}],"wp:term":[{"taxonomy":"product_brand","embeddable":true,"href":"https:\/\/sezona.lv\/en\/wp-json\/wp\/v2\/product_brand?post=78867"},{"taxonomy":"product_cat","embeddable":true,"href":"https:\/\/sezona.lv\/en\/wp-json\/wp\/v2\/product_cat?post=78867"},{"taxonomy":"product_tag","embeddable":true,"href":"https:\/\/sezona.lv\/en\/wp-json\/wp\/v2\/product_tag?post=78867"}],"curies":[{"name":"wp","href":"https:\/\/api.w.org\/{rel}","templated":true}]}}