{"id":78868,"date":"2025-07-14T15:31:06","date_gmt":"2025-07-14T12:31:06","guid":{"rendered":"https:\/\/demo8.ecube.lv\/sezona.lv\/products\/christopeit-step-aerobikas-sols\/"},"modified":"2025-07-14T15:31:06","modified_gmt":"2025-07-14T12:31:06","slug":"christopeit-step-aerobikas-sols","status":"publish","type":"product","link":"https:\/\/sezona.lv\/en\/products\/christopeit-step-aerobikas-sols\/","title":{"rendered":"Christopeit Step aerobikas sols"},"content":{"rendered":"<div class=\"tab-content\">\n<div id=\"item_description\" class=\"tab active\">Nesl\u012bdo&scaron;a virsma<br \/> 2x regul\u0113jams augstums 11-20cm<br \/> vieglis saliekams<br \/> max. lietot\u0101ja svars 100kg<br \/> izm\u0113rs: apm. 79,5 x 30 x 11 &ndash; 20 cm<\/div>\n<\/div>\n","protected":false},"excerpt":{"rendered":"<p>Nesl\u012bdo&scaron;a virsma 2x regul\u0113jams augstums 11-20cm vieglis saliekams max. lietot\u0101ja svars 100kg izm\u0113rs: apm. 79,5 x 30 x 11 &ndash; 20 cm<\/p>\n","protected":false},"featured_media":0,"template":"","meta":[],"product_brand":[897],"product_cat":[4587,4599,4614],"product_tag":[],"class_list":{"0":"post-78868","1":"product","2":"type-product","3":"status-publish","5":"product_brand-christopeit","6":"product_cat-sports","7":"product_cat-fitness-2-sports","8":"product_cat-fitness-accessories-fitness-2-sports","10":"first","11":"instock","12":"shipping-taxable","13":"purchasable","14":"product-type-simple"},"_links":{"self":[{"href":"https:\/\/sezona.lv\/en\/wp-json\/wp\/v2\/product\/78868","targetHints":{"allow":["GET"]}}],"collection":[{"href":"https:\/\/sezona.lv\/en\/wp-json\/wp\/v2\/product"}],"about":[{"href":"https:\/\/sezona.lv\/en\/wp-json\/wp\/v2\/types\/product"}],"wp:attachment":[{"href":"https:\/\/sezona.lv\/en\/wp-json\/wp\/v2\/media?parent=78868"}],"wp:term":[{"taxonomy":"product_brand","embeddable":true,"href":"https:\/\/sezona.lv\/en\/wp-json\/wp\/v2\/product_brand?post=78868"},{"taxonomy":"product_cat","embeddable":true,"href":"https:\/\/sezona.lv\/en\/wp-json\/wp\/v2\/product_cat?post=78868"},{"taxonomy":"product_tag","embeddable":true,"href":"https:\/\/sezona.lv\/en\/wp-json\/wp\/v2\/product_tag?post=78868"}],"curies":[{"name":"wp","href":"https:\/\/api.w.org\/{rel}","templated":true}]}}