{"id":78871,"date":"2025-07-14T15:31:09","date_gmt":"2025-07-14T12:31:09","guid":{"rendered":"https:\/\/demo8.ecube.lv\/sezona.lv\/products\/christopeit-push-up-bar-pumpesanas-rokturi\/"},"modified":"2025-07-14T15:31:09","modified_gmt":"2025-07-14T12:31:09","slug":"christopeit-push-up-bar-pumpesanas-rokturi","status":"publish","type":"product","link":"https:\/\/sezona.lv\/en\/products\/christopeit-push-up-bar-pumpesanas-rokturi\/","title":{"rendered":"Christopeit Push-up-bar pump\u0113\u0161an\u0101s rokturi"},"content":{"rendered":"<div class=\"tab-content\">\n<div id=\"item_description\" class=\"tab active\">\n<div class=\"std\">\n<p>Diametrs: 20,5 cm<\/p>\n<p>Max.lietot\u0101ja svars 100kg.<\/p>\n<p>Svars:800 g<\/p>\n<\/div>\n<\/div>\n<\/div>\n","protected":false},"excerpt":{"rendered":"<p>Diametrs: 20,5 cm Max.lietot\u0101ja svars 100kg. Svars:800 g<\/p>\n","protected":false},"featured_media":0,"template":"","meta":[],"product_brand":[897],"product_cat":[4587,4599,4614],"product_tag":[],"class_list":{"0":"post-78871","1":"product","2":"type-product","3":"status-publish","5":"product_brand-christopeit","6":"product_cat-sports","7":"product_cat-fitness-2-sports","8":"product_cat-fitness-accessories-fitness-2-sports","10":"first","11":"instock","12":"shipping-taxable","13":"purchasable","14":"product-type-simple"},"_links":{"self":[{"href":"https:\/\/sezona.lv\/en\/wp-json\/wp\/v2\/product\/78871","targetHints":{"allow":["GET"]}}],"collection":[{"href":"https:\/\/sezona.lv\/en\/wp-json\/wp\/v2\/product"}],"about":[{"href":"https:\/\/sezona.lv\/en\/wp-json\/wp\/v2\/types\/product"}],"wp:attachment":[{"href":"https:\/\/sezona.lv\/en\/wp-json\/wp\/v2\/media?parent=78871"}],"wp:term":[{"taxonomy":"product_brand","embeddable":true,"href":"https:\/\/sezona.lv\/en\/wp-json\/wp\/v2\/product_brand?post=78871"},{"taxonomy":"product_cat","embeddable":true,"href":"https:\/\/sezona.lv\/en\/wp-json\/wp\/v2\/product_cat?post=78871"},{"taxonomy":"product_tag","embeddable":true,"href":"https:\/\/sezona.lv\/en\/wp-json\/wp\/v2\/product_tag?post=78871"}],"curies":[{"name":"wp","href":"https:\/\/api.w.org\/{rel}","templated":true}]}}